{"id":765,"date":"2022-08-21T12:28:59","date_gmt":"2022-08-21T12:28:59","guid":{"rendered":"https:\/\/www.adamvuk.me\/kdv\/?page_id=765"},"modified":"2024-10-31T17:46:30","modified_gmt":"2024-10-31T15:46:30","slug":"vorstand","status":"publish","type":"page","link":"https:\/\/www.kdv.hr\/?page_id=765","title":{"rendered":"Vorstand"},"content":{"rendered":"<div class=\"tmpl-team-10 boldgrid-section dynamic-gridblock\" style=\"border-width: 0px; background-image: linear-gradient(to left, #ffffff, #ffffff);\" data-bg-color-1=\"#FFFFFF\" data-bg-color-2=\"#FFFFFF\" data-bg-direction=\"to left\">\r\n<div class=\"container\">\r\n<div class=\"row\" style=\"padding: 0px 0px 50px; border-width: 0px;\">\r\n<div class=\"col-md-2 col-sm-3 col-xs-4 text-right align-column-center col-lg-2\">\r\n<p class=\"\" style=\"border-width: 0px; margin: 0px auto 0px 0px; width: auto; padding: 0em;\"><img decoding=\"async\" class=\"bg-img alignnone wp-image-798 size-full\" style=\"margin-right: -75px; z-index: 1; position: relative;\" src=\"https:\/\/www.kdv.hr\/wp-content\/uploads\/2022\/08\/foto_grau.jpg\" alt=\"\" width=\"200\" height=\"200\" srcset=\"https:\/\/www.kdv.hr\/wp-content\/uploads\/2022\/08\/foto_grau.jpg 200w, https:\/\/www.kdv.hr\/wp-content\/uploads\/2022\/08\/foto_grau-150x150.jpg 150w, https:\/\/www.kdv.hr\/wp-content\/uploads\/2022\/08\/foto_grau-48x48.jpg 48w, https:\/\/www.kdv.hr\/wp-content\/uploads\/2022\/08\/foto_grau-180x180.jpg 180w\" sizes=\"(max-width: 200px) 100vw, 200px\" \/><\/p>\r\n<\/div>\r\n<div class=\"col-md-4 col-sm-9 col-xs-8 col-lg-10\" style=\"border-width: 0px; padding: 0px 16px 0px 1em;\">\r\n<div style=\"margin-top: 15px; border: 2px solid; padding: 2em 3em 2em 4em;\" class=\"color4-border-color bg-box\">\r\n<p class=\"\" style=\"border-width: 0px; padding: 0em; margin: 0px 0px 0px 10px;\">Vorsitzende<\/p>\r\n<div class=\"row bg-editor-hr-wrap\" style=\"border-width: 0px; margin-left: -5px;\">\r\n<div class=\"col-lg-12 col-md-12 col-xs-12 col-sm-12\">\r\n<div><hr class=\"color4-color bg-hr\" style=\"border: 1px solid; margin: 20px 0px 20px 0px;\" width=\"20%\"><\/div>\r\n<\/div>\r\n<\/div>\r\n<p class=\"h3\" style=\"border-width: 0px; margin-left: 10px;\">Doz. Dr. Irena Horvati\u0107 Bili\u0107<\/p>\r\n<p class=\"\" style=\"border-width: 0px; margin-left: 10px;\">irena.horvatic.bilic@pravo.hr<\/p>\r\n<\/div>\r\n<\/div>\r\n<\/div>\r\n<div class=\"row\" style=\"padding-bottom: 50px; border-width: 0px;\">\r\n<div class=\"col-md-2 col-sm-3 col-xs-4 text-right align-column-center col-lg-2\">\r\n<p class=\"\"><img decoding=\"async\" class=\"bg-img alignnone wp-image-798 size-full\" style=\"margin-right: -75px; z-index: 1; position: relative;\" src=\"https:\/\/www.kdv.hr\/wp-content\/uploads\/2022\/08\/foto_grau.jpg\" alt=\"\" width=\"200\" height=\"200\" srcset=\"https:\/\/www.kdv.hr\/wp-content\/uploads\/2022\/08\/foto_grau.jpg 200w, https:\/\/www.kdv.hr\/wp-content\/uploads\/2022\/08\/foto_grau-150x150.jpg 150w, https:\/\/www.kdv.hr\/wp-content\/uploads\/2022\/08\/foto_grau-48x48.jpg 48w, https:\/\/www.kdv.hr\/wp-content\/uploads\/2022\/08\/foto_grau-180x180.jpg 180w\" sizes=\"(max-width: 200px) 100vw, 200px\" \/><\/p>\r\n<\/div>\r\n<div class=\"col-md-4 col-sm-9 col-xs-8 col-lg-10\" style=\"border-width: 0px; padding-left: 1em;\">\r\n<div style=\"margin-top: 15px; border: 2px solid; padding: 2em 3em 2em 4em;\" class=\"color4-border-color bg-box\">\r\n<p class=\"\" style=\"border-width: 0px; margin-left: 10px;\">Sekret\u00e4r<\/p>\r\n<div class=\"row bg-editor-hr-wrap\" style=\"border-width: 0px; margin-left: -5px;\">\r\n<div class=\"col-lg-12 col-md-12 col-xs-12 col-sm-12\">\r\n<div><hr class=\"color4-color bg-hr\" style=\"border: 1px solid; margin: 20px 0px 20px 0px;\" width=\"20%\"><\/div>\r\n<\/div>\r\n<\/div>\r\n<p class=\"h3\" style=\"border-width: 0px; margin-left: 10px;\">Adam Vuk<\/p>\r\n<p class=\"\" style=\"border-width: 0px; margin-left: 10px;\">adam.vuk@kdv.hr<\/p>\r\n<\/div>\r\n<\/div>\r\n<\/div>\r\n<div class=\"row\" style=\"padding-bottom: 50px; border-width: 0px;\">\r\n<div class=\"col-md-2 col-sm-3 col-xs-4 text-right align-column-center col-lg-2\">\r\n<p class=\"\"><img decoding=\"async\" class=\"bg-img alignnone wp-image-798 size-full\" style=\"margin-right: -75px; z-index: 1; position: relative;\" src=\"https:\/\/www.kdv.hr\/wp-content\/uploads\/2022\/08\/foto_grau.jpg\" alt=\"\" width=\"200\" height=\"200\" srcset=\"https:\/\/www.kdv.hr\/wp-content\/uploads\/2022\/08\/foto_grau.jpg 200w, https:\/\/www.kdv.hr\/wp-content\/uploads\/2022\/08\/foto_grau-150x150.jpg 150w, https:\/\/www.kdv.hr\/wp-content\/uploads\/2022\/08\/foto_grau-48x48.jpg 48w, https:\/\/www.kdv.hr\/wp-content\/uploads\/2022\/08\/foto_grau-180x180.jpg 180w\" sizes=\"(max-width: 200px) 100vw, 200px\" \/><\/p>\r\n<\/div>\r\n<div class=\"col-md-4 col-sm-9 col-xs-8 col-lg-10\" style=\"border-width: 0px; padding-left: 1em;\">\r\n<div style=\"margin-top: 15px; border: 2px solid; padding: 2em 3em 2em 4em;\" class=\"color4-border-color bg-box\">\r\n<p class=\"\" style=\"border-width: 0px; margin-left: 10px;\">Schatzmeisterin<\/p>\r\n<div class=\"row bg-editor-hr-wrap\" style=\"border-width: 0px; margin-left: -5px;\">\r\n<div class=\"col-lg-12 col-md-12 col-xs-12 col-sm-12\">\r\n<div><hr class=\"color4-color bg-hr\" style=\"border: 1px solid; margin: 20px 0px 20px 0px;\" width=\"20%\"><\/div>\r\n<\/div>\r\n<\/div>\r\n<p class=\"h3\" style=\"border-width: 0px; margin-left: 10px;\">Renata Marinkovi\u0107 Krvavica<\/p>\r\n<p class=\"\" style=\"border-width: 0px; margin-left: 10px;\">renatamarinkovickrvavica@gmail.com<\/p>\r\n<\/div>\r\n<\/div>\r\n<\/div>\r\n<div class=\"row\" style=\"padding-bottom: 50px; border-width: 0px;\">\r\n<div class=\"col-md-2 col-sm-3 col-xs-4 text-right align-column-center col-lg-2\">\r\n<p class=\"\"><img decoding=\"async\" class=\"bg-img alignnone wp-image-798 size-full\" style=\"margin-right: -75px; z-index: 1; position: relative;\" src=\"https:\/\/www.kdv.hr\/wp-content\/uploads\/2022\/08\/foto_grau.jpg\" alt=\"\" width=\"200\" height=\"200\" srcset=\"https:\/\/www.kdv.hr\/wp-content\/uploads\/2022\/08\/foto_grau.jpg 200w, https:\/\/www.kdv.hr\/wp-content\/uploads\/2022\/08\/foto_grau-150x150.jpg 150w, https:\/\/www.kdv.hr\/wp-content\/uploads\/2022\/08\/foto_grau-48x48.jpg 48w, https:\/\/www.kdv.hr\/wp-content\/uploads\/2022\/08\/foto_grau-180x180.jpg 180w\" sizes=\"(max-width: 200px) 100vw, 200px\" \/><\/p>\r\n<\/div>\r\n<div class=\"col-md-4 col-sm-9 col-xs-8 col-lg-10\" style=\"border-width: 0px; padding-left: 1em;\">\r\n<div style=\"margin-top: 15px; border: 2px solid; padding: 2em 3em 2em 4em;\" class=\"color4-border-color bg-box\">\r\n<p class=\"\" style=\"border-width: 0px; margin-left: 10px;\">Vorstandsmitglied<\/p>\r\n<div class=\"row bg-editor-hr-wrap\" style=\"border-width: 0px; margin-left: -5px;\">\r\n<div class=\"col-lg-12 col-md-12 col-xs-12 col-sm-12\">\r\n<div><hr class=\"color4-color bg-hr\" style=\"border: 1px solid; margin: 20px 0px 20px 0px;\" width=\"20%\"><\/div>\r\n<\/div>\r\n<\/div>\r\n<p class=\"h3\" style=\"border-width: 0px; margin-left: 10px;\">Silvija Balti\u0107 Ban<\/p>\r\n<p class=\"\" style=\"border-width: 0px; margin-left: 10px;\">silvijabalticban@gmail.com<\/p>\r\n<\/div>\r\n<\/div>\r\n<\/div>\r\n<div class=\"row\" style=\"padding-bottom: 50px; border-width: 0px;\">\r\n<div class=\"col-md-2 col-sm-3 col-xs-4 text-right align-column-center col-lg-2\">\r\n<p class=\"\"><img decoding=\"async\" class=\"bg-img alignnone wp-image-798 size-full\" style=\"margin-right: -75px; z-index: 1; position: relative;\" src=\"https:\/\/www.kdv.hr\/wp-content\/uploads\/2022\/08\/foto_grau.jpg\" alt=\"\" width=\"200\" height=\"200\" srcset=\"https:\/\/www.kdv.hr\/wp-content\/uploads\/2022\/08\/foto_grau.jpg 200w, https:\/\/www.kdv.hr\/wp-content\/uploads\/2022\/08\/foto_grau-150x150.jpg 150w, https:\/\/www.kdv.hr\/wp-content\/uploads\/2022\/08\/foto_grau-48x48.jpg 48w, https:\/\/www.kdv.hr\/wp-content\/uploads\/2022\/08\/foto_grau-180x180.jpg 180w\" sizes=\"(max-width: 200px) 100vw, 200px\" \/><\/p>\r\n<\/div>\r\n<div class=\"col-md-4 col-sm-9 col-xs-8 col-lg-10\" style=\"border-width: 0px; padding-left: 1em;\">\r\n<div style=\"margin-top: 15px; border: 2px solid; padding: 2em 3em 2em 4em;\" class=\"color4-border-color bg-box\">\r\n<p class=\"\" style=\"border-width: 0px; margin-left: 10px;\">Vorstandsmitglied<\/p>\r\n<div class=\"row bg-editor-hr-wrap\" style=\"border-width: 0px; margin-left: -5px;\">\r\n<div class=\"col-lg-12 col-md-12 col-xs-12 col-sm-12\">\r\n<div><hr class=\"color4-color bg-hr\" style=\"border: 1px solid; margin: 20px 0px 20px 0px;\" width=\"20%\"><\/div>\r\n<\/div>\r\n<\/div>\r\n<p class=\"h3\" style=\"border-width: 0px; margin-left: 10px;\">Ida Globo\u010dnik<\/p>\r\n<p class=\"\" style=\"border-width: 0px; margin-left: 10px;\">ida.globocnik@skole.hr<\/p>\r\n<\/div>\r\n<\/div>\r\n<\/div>\r\n<div class=\"row\" style=\"padding-bottom: 50px; border-width: 0px;\">\r\n<div class=\"col-md-2 col-sm-3 col-xs-4 text-right align-column-center col-lg-2\">\r\n<p class=\"\"><img decoding=\"async\" class=\"bg-img alignnone wp-image-798 size-full\" style=\"margin-right: -75px; z-index: 1; position: relative;\" src=\"https:\/\/www.kdv.hr\/wp-content\/uploads\/2022\/08\/foto_grau.jpg\" alt=\"\" width=\"200\" height=\"200\" srcset=\"https:\/\/www.kdv.hr\/wp-content\/uploads\/2022\/08\/foto_grau.jpg 200w, https:\/\/www.kdv.hr\/wp-content\/uploads\/2022\/08\/foto_grau-150x150.jpg 150w, https:\/\/www.kdv.hr\/wp-content\/uploads\/2022\/08\/foto_grau-48x48.jpg 48w, https:\/\/www.kdv.hr\/wp-content\/uploads\/2022\/08\/foto_grau-180x180.jpg 180w\" sizes=\"(max-width: 200px) 100vw, 200px\" \/><\/p>\r\n<\/div>\r\n<div class=\"col-md-4 col-sm-9 col-xs-8 col-lg-10\" style=\"border-width: 0px; padding-left: 1em;\">\r\n<div style=\"margin-top: 15px; border: 2px solid; padding: 2em 3em 2em 4em;\" class=\"color4-border-color bg-box\">\r\n<p class=\"\" style=\"border-width: 0px; margin-left: 10px;\">Vorstandsmitglied<\/p>\r\n<div class=\"row bg-editor-hr-wrap\" style=\"border-width: 0px; margin-left: -5px;\">\r\n<div class=\"col-lg-12 col-md-12 col-xs-12 col-sm-12\">\r\n<div><hr class=\"color4-color bg-hr\" style=\"border: 1px solid; margin: 20px 0px 20px 0px;\" width=\"20%\"><\/div>\r\n<\/div>\r\n<\/div>\r\n<p class=\"h3\" style=\"border-width: 0px; margin-left: 10px;\">Sandra Maglov<\/p>\r\n<p class=\"\" style=\"border-width: 0px; margin-left: 10px;\">sandra.maglov@skole.hr<\/p>\r\n<\/div>\r\n<\/div>\r\n<\/div>\r\n<div class=\"row\" style=\"padding-bottom: 50px; border-width: 0px;\">\r\n<div class=\"col-md-2 col-sm-3 col-xs-4 text-right align-column-center col-lg-2\">\r\n<p class=\"\"><img decoding=\"async\" class=\"bg-img alignnone wp-image-798 size-full\" style=\"margin-right: -75px; z-index: 1; position: relative;\" src=\"https:\/\/www.kdv.hr\/wp-content\/uploads\/2022\/08\/foto_grau.jpg\" alt=\"\" width=\"200\" height=\"200\" srcset=\"https:\/\/www.kdv.hr\/wp-content\/uploads\/2022\/08\/foto_grau.jpg 200w, https:\/\/www.kdv.hr\/wp-content\/uploads\/2022\/08\/foto_grau-150x150.jpg 150w, https:\/\/www.kdv.hr\/wp-content\/uploads\/2022\/08\/foto_grau-48x48.jpg 48w, https:\/\/www.kdv.hr\/wp-content\/uploads\/2022\/08\/foto_grau-180x180.jpg 180w\" sizes=\"(max-width: 200px) 100vw, 200px\" \/><\/p>\r\n<\/div>\r\n<div class=\"col-md-4 col-sm-9 col-xs-8 col-lg-10\" style=\"border-width: 0px;\">\r\n<div style=\"margin-top: 15px; border: 2px solid; padding: 2em 3em 2em 4em;\" class=\"color4-border-color bg-box\">\r\n<p class=\"\" style=\"border-width: 0px; margin-left: 10px;\">Vorstandsmitglied<\/p>\r\n<div class=\"row bg-editor-hr-wrap\" style=\"border-width: 0px; margin-left: -5px;\">\r\n<div class=\"col-lg-12 col-md-12 col-xs-12 col-sm-12\">\r\n<div><hr class=\"color4-color bg-hr\" style=\"border: 1px solid; margin: 20px 0px 20px 0px;\" width=\"20%\"><\/div>\r\n<\/div>\r\n<\/div>\r\n<p class=\"h3\" style=\"border-width: 0px; margin-left: 10px;\">Tatjana \u0160o\u0161a<\/p>\r\n<p class=\"\" style=\"border-width: 0px; margin-left: 10px;\">tatjana.shosha@gmail.com<\/p>\r\n<\/div>\r\n<\/div>\r\n<\/div>\r\n<\/div>\r\n<\/div>\r\n<div class=\"tmpl-team-2 boldgrid-section dynamic-gridblock\" style=\"border-width: 0px; background-image: linear-gradient(to left, #ffffff, #ffffff);\" data-bg-color-1=\"#FFFFFF\" data-bg-color-2=\"#FFFFFF\" data-bg-direction=\"to left\">\r\n<div class=\"container\"><\/div>\r\n<\/div>\r\n<div class=\"boldgrid-section\">\r\n<div class=\"container\">\r\n<div class=\"row\">\r\n<div class=\"col-lg-12 col-md-12 col-xs-12 col-sm-12\" style=\"box-shadow: #cecece 0px 0px 0px 0px inset;\">\r\n<p class=\"\" style=\"box-shadow: #cecece 0px 0px 0px 0px; padding-left: 6em;\"><a href=\"https:\/\/www.kdv.hr\/?page_id=2854\">\u203a\u203a Fr\u00fchere Mitglieder des Vorstands<\/a><\/p>\r\n<\/div>\r\n<\/div>\r\n<\/div>\r\n<\/div>\r\n\r\n<div class=\"boldgrid-section\">\r\n<div class=\"container\"><\/div>\r\n<\/div>\r\n\r\n<div class=\"boldgrid-section\">\r\n<div class=\"container\">\r\n<div class=\"row\"><\/div>\r\n<\/div>\r\n<\/div>\r\n\r\n\r\n\r\n\r\n\r\n\r\n\r\n\r\n\r\n\r\n\r\n\r\n\r\n\r\n\r\n\r\n\r\n\r\n\r\n\r\n\r\n\r\n","protected":false},"excerpt":{"rendered":"<p>Vorsitzende Doz. Dr. Irena Horvati\u0107 Bili\u0107 irena.horvatic.bilic@pravo.hr Sekret\u00e4r Adam Vuk adam.vuk@kdv.hr Schatzmeisterin Renata Marinkovi\u0107 Krvavica renatamarinkovickrvavica@gmail.com Vorstandsmitglied Silvija Balti\u0107 Ban silvijabalticban@gmail.com Vorstandsmitglied Ida Globo\u010dnik ida.globocnik@skole.hr Vorstandsmitglied Sandra Maglov sandra.maglov@skole.hr Vorstandsmitglied Tatjana \u0160o\u0161a tatjana.shosha@gmail.com \u203a\u203a Fr\u00fchere Mitglieder des Vorstands<\/p>\n","protected":false},"author":1,"featured_media":0,"parent":0,"menu_order":0,"comment_status":"closed","ping_status":"closed","template":"","meta":{"_eb_attr":"","inline_featured_image":false,"advgb_blocks_editor_width":"","advgb_blocks_columns_visual_guide":"","_monsterinsights_skip_tracking":false,"_monsterinsights_sitenote_active":false,"_monsterinsights_sitenote_note":"","_monsterinsights_sitenote_category":0,"footnotes":""},"class_list":["post-765","page","type-page","status-publish","hentry","entry"],"coauthors":[],"author_meta":{"author_link":"https:\/\/www.kdv.hr\/?author=1","display_name":"Adam Vuk"},"relative_dates":{"created":"Ver\u00f6ffentlicht 4\u00a0Jahren vor","modified":"Aktualisiert 2\u00a0Jahren vor"},"absolute_dates":{"created":"Ver\u00f6ffentlicht am 21. 8. 2022","modified":"Aktualisiert am 31. 10. 2024"},"absolute_dates_time":{"created":"Ver\u00f6ffentlicht am 21. 8. 2022 12:28","modified":"Aktualisiert am 31. 10. 2024 17:46"},"featured_img_caption":"","featured_img":false,"series_order":"","_links":{"self":[{"href":"https:\/\/www.kdv.hr\/index.php?rest_route=\/wp\/v2\/pages\/765","targetHints":{"allow":["GET"]}}],"collection":[{"href":"https:\/\/www.kdv.hr\/index.php?rest_route=\/wp\/v2\/pages"}],"about":[{"href":"https:\/\/www.kdv.hr\/index.php?rest_route=\/wp\/v2\/types\/page"}],"author":[{"embeddable":true,"href":"https:\/\/www.kdv.hr\/index.php?rest_route=\/wp\/v2\/users\/1"}],"replies":[{"embeddable":true,"href":"https:\/\/www.kdv.hr\/index.php?rest_route=%2Fwp%2Fv2%2Fcomments&post=765"}],"version-history":[{"count":19,"href":"https:\/\/www.kdv.hr\/index.php?rest_route=\/wp\/v2\/pages\/765\/revisions"}],"predecessor-version":[{"id":1304,"href":"https:\/\/www.kdv.hr\/index.php?rest_route=\/wp\/v2\/pages\/765\/revisions\/1304"}],"wp:attachment":[{"href":"https:\/\/www.kdv.hr\/index.php?rest_route=%2Fwp%2Fv2%2Fmedia&parent=765"}],"curies":[{"name":"wp","href":"https:\/\/api.w.org\/{rel}","templated":true}]}}