{"id":2854,"date":"2024-10-30T09:49:05","date_gmt":"2024-10-30T07:49:05","guid":{"rendered":"https:\/\/www.kdv.hr\/?page_id=2854"},"modified":"2024-12-11T16:32:09","modified_gmt":"2024-12-11T14:32:09","slug":"fruehere-mitglieder-des-vorstands-und-des-aufsichtsrats","status":"publish","type":"page","link":"https:\/\/www.kdv.hr\/?page_id=2854","title":{"rendered":"Fr\u00fchere Mitglieder des Vorstands und des Aufsichtsrats"},"content":{"rendered":"<div class=\"boldgrid-section\" style=\"box-shadow: #cecece 0px 0px 0px 0px inset; padding-left: 28em;\">\n<div class=\"container\">\n<div class=\"row\" style=\"padding-top: 75px; padding-bottom: 10px;\">\n<div class=\"col-lg-12 col-md-12 col-xs-12 col-sm-12\">\n<h1 class=\"\">Vorstand<\/h1>\n<\/div>\n<\/div>\n<\/div>\n<\/div>\n<div class=\"boldgrid-section\" style=\"box-shadow: #cecece 0px 0px 0px 0px; padding-left: 28em;\">\n<div class=\"container\">\n<div class=\"row\">\n<div class=\"col-lg-12 col-md-12 col-xs-12 col-sm-12\">\n<h2 class=\"\">Amtszeit 2020 \u2013 2024<\/h2>\n<p class=\"\">Vorsitzende<br \/>\nDoz. Dr. Irena Horvati\u0107 Bili\u0107<\/p>\n<p class=\"\">Sekret\u00e4rin<br \/>\nDr. Inja Skender Libhard (von 2020 bis 2022)<\/p>\n<p class=\"\">Sekret\u00e4r<br \/>\nAdam Vuk (von 2022 bis 2024)<\/p>\n<p class=\"\">Schatzmeisterin<br \/>\nRenata Marinkovi\u0107 Krvavica<\/p>\n<p class=\"\">Mitglieder<br \/>\nSilvija Balti\u0107 Ban (von 2022 bis 2024)<br \/>\nDragana Franji\u0107<br \/>\nIda Globo\u010dnik<br \/>\nDr. Ivana Mati\u0107<br \/>\nAdam Vuk (von 2020 bis 2022)<\/p>\n<\/div>\n<\/div>\n<div class=\"row\">\n<div class=\"col-lg-12 col-md-12 col-xs-12 col-sm-12\">\n<div class=\"row\">\n<div class=\"col-lg-12 col-md-12 col-xs-12 col-sm-12\">\n<div>\n<h2 class=\"\">Amtszeit 2017 \u2013 2020<\/h2>\n<p class=\"\">Vorsitzende<br \/>\nDr. Irena Horvati\u0107 Bili\u0107<\/p>\n<p class=\"\">Sekret\u00e4rin<br \/>\nDr. Lucia Mi\u0161kulin Saletovi\u0107<\/p>\n<p class=\"\">Schatzmeisterin<br \/>\nRenata Marinkovi\u0107 Krvavica<\/p>\n<p class=\"\">Mitglieder<br \/>\nDragana Franji\u0107<br \/>\nIda Globo\u010dnik<br \/>\nDr. Irena Lasi\u0107<br \/>\nIvana Mati\u0107<\/p>\n<\/div>\n<\/div>\n<\/div>\n<div class=\"row\">\n<div class=\"col-lg-12 col-md-12 col-xs-12 col-sm-12\">\n<div>\n<h2 class=\"\">Amtszeit 2013 \u2013 2016<\/h2>\n<p class=\"\">Pr\u00e4sidentin<br \/>\nDr. Irena Horvati\u0107 \u010cajko<\/p>\n<p>Vizepr\u00e4sidentin<br \/>\nKristine Petru\u0161i\u0107<\/p>\n<p class=\"\">Sekret\u00e4rin<br \/>\nIrena Lasi\u0107<\/p>\n<p class=\"\">Schatzmeisterin<br \/>\nRenata Marinkovi\u0107 Krvavica<\/p>\n<p class=\"\">Mitglieder<br \/>\nDragana Franji\u0107<br \/>\nLea Lesar Dolenc<br \/>\nIvica Leovac<\/p>\n<\/div>\n<\/div>\n<\/div>\n<div class=\"row\">\n<div class=\"col-lg-12 col-md-12 col-xs-12 col-sm-12\">\n<div>\n<h2 class=\"\">Amtszeit 2009 \u2013 2012<\/h2>\n<p class=\"\">Pr\u00e4sidentin<br \/>\nIva Milardovi\u0107 \u0160timac<\/p>\n<p class=\"\">Sekret\u00e4rin<br \/>\nIrena Horvati\u0107 \u010cajko<\/p>\n<p class=\"\">Schatzmeisterin<br \/>\nMirjana Sajko<\/p>\n<p class=\"\">Mitglieder<br \/>\nAna Petravi\u0107<br \/>\nNada Petrovi\u0107<br \/>\nNeda Rogli\u0107<br \/>\nGoran Urh<\/p>\n<\/div>\n<\/div>\n<\/div>\n<div class=\"row\">\n<div class=\"col-lg-12 col-md-12 col-xs-12 col-sm-12\">\n<div>\n<h2 class=\"\">Amtszeit 2005 \u2013 2008<\/h2>\n<p class=\"\">Pr\u00e4sidentin<br \/>\nLjerka Tomljenovi\u0107-Bi\u0161kupi\u0107<\/p>\n<p class=\"\">Sekret\u00e4r<br \/>\nVeljko Dunjko (von 2005 bis 2007)<\/p>\n<p>Sekret\u00e4rin<br \/>\nAngelina Puovi\u0107 (von 2007 bis 2008)<\/p>\n<p class=\"\">Schatzmeisterin<br \/>\nJadranka Salopek<\/p>\n<p class=\"\">Mitglieder<br \/>\nNevenka Bla\u017eevi\u0107<br \/>\nAnkica Crkven\u010di\u0107<br \/>\nZrinjka Glovacki-Bernardi<br \/>\nAna Petravi\u0107<\/p>\n<\/div>\n<\/div>\n<\/div>\n<div class=\"row\">\n<div class=\"col-lg-12 col-md-12 col-xs-12 col-sm-12\">\n<div>\n<h2 class=\"\">Amtszeit 2001 \u2013 2004<\/h2>\n<p class=\"\">Pr\u00e4sidentin<br \/>\nLjerka Tomljenovi\u0107-Bi\u0161kupi\u0107<\/p>\n<p class=\"\">Sekret\u00e4rin<br \/>\nAngelina Puovi\u0107<\/p>\n<p class=\"\">Schatzmeisterin<br \/>\nJadranka Salopek<\/p>\n<p class=\"\">Mitglieder<br \/>\nZrinjka Glovacki-Bernardi<br \/>\nAna Petravi\u0107<br \/>\nNeda Rogli\u0107<br \/>\nLjiljana Troskot<\/p>\n<\/div>\n<\/div>\n<\/div>\n<div class=\"row\">\n<div class=\"col-lg-12 col-md-12 col-xs-12 col-sm-12\">\n<div>\n<h2 class=\"\">Amtszeit 1992 \u2013 1995<\/h2>\n<p class=\"\">Pr\u00e4sidentin<br \/>\nLjerka Tomljenovi\u0107-Bi\u0161kupi\u0107<\/p>\n<p class=\"\">Sekret\u00e4rin<br \/>\nAnika Re\u0161etar<\/p>\n<p>Schatzmeisterin<br \/>\nJadranka Salopek<\/p>\n<p class=\"\">Mitglieder<br \/>\nZrinjka Glovacki-Bernardi<br \/>\nVega Kraljev<br \/>\nTamara Mar\u010deti\u0107<br \/>\nLjiljana Troskot<\/p>\n<\/div>\n<\/div>\n<\/div>\n<\/div>\n<\/div>\n<\/div>\n<\/div>\n<div class=\"boldgrid-section\" style=\"box-shadow: #cecece 0px 0px 0px 0px inset; padding-left: 28em;\">\n<div class=\"container\">\n<div class=\"row\" style=\"padding-top: 75px; padding-bottom: 10px;\">\n<div class=\"col-lg-12 col-md-12 col-xs-12 col-sm-12\">\n<h1 class=\"\">Aufsichtsrat<\/h1>\n<\/div>\n<\/div>\n<\/div>\n<\/div>\n<div class=\"boldgrid-section\" style=\"box-shadow: #cecece 0px 0px 0px 0px; padding-left: 28em;\">\n<div class=\"container\">\n<div class=\"row\">\n<div class=\"col-lg-12 col-md-12 col-xs-12 col-sm-12\">\n<h2 class=\"\">Amtszeit 2020 \u2013 2024<\/h2>\n<p class=\"\">Danijela Fi\u010dko<br \/>\nLidija Flegar Juki\u0107<br \/>\nSandra Maglov<\/p>\n<\/div>\n<\/div>\n<div class=\"row\">\n<div class=\"col-lg-12 col-md-12 col-xs-12 col-sm-12\">\n<div class=\"row\">\n<div class=\"col-lg-12 col-md-12 col-xs-12 col-sm-12\">\n<div>\n<h2 class=\"\">Amtszeit 2017 \u2013 2020<\/h2>\n<p class=\"\">Tanja Baksa<br \/>\nLidija Flegar Juki\u0107<br \/>\nAnita Kri\u017eanac Ra\u0161i\u0107<\/p>\n<\/div>\n<\/div>\n<\/div>\n<div class=\"row\">\n<div class=\"col-lg-12 col-md-12 col-xs-12 col-sm-12\">\n<div>\n<h2 class=\"\">Amtszeit 2013 \u2013 2016<\/h2>\n<p class=\"\">Dragica Bukov\u010dan<br \/>\nGeraldina Cesar<br \/>\nTihana \u0110akovi\u0107<\/p>\n<\/div>\n<\/div>\n<\/div>\n<div class=\"row\">\n<div class=\"col-lg-12 col-md-12 col-xs-12 col-sm-12\">\n<div>\n<h2 class=\"\">Amtszeit 2009 \u2013 2012<\/h2>\n<p class=\"\">Lidija Benkovi\u0107<br \/>\nLea Lesar Dolenc<\/p>\n<\/div>\n<\/div>\n<\/div>\n<div class=\"row\">\n<div class=\"col-lg-12 col-md-12 col-xs-12 col-sm-12\">\n<div>\n<h2 class=\"\">Amtszeit 2005 \u2013 2008<\/h2>\n<p class=\"\">Helga Begonja<br \/>\nZdenka Buljuba\u0161i\u0107<br \/>\nMarina Lovri\u0107<\/p>\n<\/div>\n<\/div>\n<\/div>\n<div class=\"row\">\n<div class=\"col-lg-12 col-md-12 col-xs-12 col-sm-12\">\n<h2 class=\"\">Amtszeit 2001 \u2013 2004<\/h2>\n<p class=\"\">Nevenka Bla\u017eevi\u0107<br \/>\nJasenka Kosanovi\u0107<br \/>\nVesna \u0160imuni\u0107<\/p>\n<\/div>\n<\/div>\n<\/div>\n<\/div>\n<\/div>\n<\/div>\n<div class=\"boldgrid-section\">\n<div class=\"container\">\n<div class=\"row\">\n<div class=\"col-lg-12 col-md-12 col-xs-12 col-sm-12\"><\/div>\n<\/div>\n<\/div>\n<\/div>\n","protected":false},"excerpt":{"rendered":"<p>Vorstand Amtszeit 2020 \u2013 2024 Vorsitzende Doz. Dr. Irena Horvati\u0107 Bili\u0107 Sekret\u00e4rin Dr. Inja Skender Libhard (von 2020 bis 2022) Sekret\u00e4r Adam Vuk (von 2022 bis 2024) Schatzmeisterin Renata Marinkovi\u0107 Krvavica Mitglieder Silvija Balti\u0107 Ban (von 2022 bis 2024) Dragana Franji\u0107 Ida Globo\u010dnik Dr. Ivana Mati\u0107 Adam Vuk (von 2020 bis 2022) Amtszeit 2017 \u2013 [&hellip;]<\/p>\n","protected":false},"author":2,"featured_media":0,"parent":0,"menu_order":0,"comment_status":"closed","ping_status":"closed","template":"template\/page\/right-sidebar.php","meta":{"_eb_attr":"","inline_featured_image":false,"advgb_blocks_editor_width":"","advgb_blocks_columns_visual_guide":"","_monsterinsights_skip_tracking":false,"_monsterinsights_sitenote_active":false,"_monsterinsights_sitenote_note":"","_monsterinsights_sitenote_category":0,"footnotes":""},"class_list":["post-2854","page","type-page","status-publish","hentry","entry"],"coauthors":[],"author_meta":{"author_link":"https:\/\/www.kdv.hr\/?author=2","display_name":"Adam Vuk"},"relative_dates":{"created":"Ver\u00f6ffentlicht 2\u00a0Jahren vor","modified":"Aktualisiert 1\u00a0Jahr vor"},"absolute_dates":{"created":"Ver\u00f6ffentlicht am 30. 10. 2024","modified":"Aktualisiert am 11. 12. 2024"},"absolute_dates_time":{"created":"Ver\u00f6ffentlicht am 30. 10. 2024 09:49","modified":"Aktualisiert am 11. 12. 2024 16:32"},"featured_img_caption":"","featured_img":false,"series_order":"","_links":{"self":[{"href":"https:\/\/www.kdv.hr\/index.php?rest_route=\/wp\/v2\/pages\/2854","targetHints":{"allow":["GET"]}}],"collection":[{"href":"https:\/\/www.kdv.hr\/index.php?rest_route=\/wp\/v2\/pages"}],"about":[{"href":"https:\/\/www.kdv.hr\/index.php?rest_route=\/wp\/v2\/types\/page"}],"author":[{"embeddable":true,"href":"https:\/\/www.kdv.hr\/index.php?rest_route=\/wp\/v2\/users\/2"}],"replies":[{"embeddable":true,"href":"https:\/\/www.kdv.hr\/index.php?rest_route=%2Fwp%2Fv2%2Fcomments&post=2854"}],"version-history":[{"count":11,"href":"https:\/\/www.kdv.hr\/index.php?rest_route=\/wp\/v2\/pages\/2854\/revisions"}],"predecessor-version":[{"id":2972,"href":"https:\/\/www.kdv.hr\/index.php?rest_route=\/wp\/v2\/pages\/2854\/revisions\/2972"}],"wp:attachment":[{"href":"https:\/\/www.kdv.hr\/index.php?rest_route=%2Fwp%2Fv2%2Fmedia&parent=2854"}],"curies":[{"name":"wp","href":"https:\/\/api.w.org\/{rel}","templated":true}]}}