{"id":2548,"date":"2024-03-21T22:19:45","date_gmt":"2024-03-21T20:19:45","guid":{"rendered":"https:\/\/www.kdv.hr\/?page_id=2548"},"modified":"2024-03-21T22:22:53","modified_gmt":"2024-03-21T20:22:53","slug":"upute-za-autore","status":"publish","type":"page","link":"https:\/\/www.kdv.hr\/?page_id=2548&lang=hr","title":{"rendered":"Upute za autore"},"content":{"rendered":"<div class=\"tmpl-services-15 boldgrid-section dynamic-gridblock background-fixed\" style=\"background-image: url('https:\/\/www.kdv.hr\/wp-content\/uploads\/2024\/03\/shutterstock_423324397-scaled.jpg'); background-size: cover; background-repeat: no-repeat; background-position: 50% 50%; box-shadow: #cecece 0px 0px 0px 0px;\" data-image-url=\"https:\/\/www.kdv.hr\/wp-content\/uploads\/2024\/03\/shutterstock_423324397-scaled.jpg\">\n<div class=\"container-fluid\">\n<div class=\"row\" style=\"padding-top: 75px; padding-bottom: 75px;\">\n<div class=\"col-md-1 col-sm-1 col-xs-12 col-lg-1\"><\/div>\n<div class=\"col-md-4 col-sm-6 col-xs-12 wow rotateInUpLeft color-neutral-background-color color-neutral-text-contrast bg-background-color color2-border-color col-lg-4 animated fadeIn\" data-wow-duration=\"1s\" data-wow-delay=\"0.5s\" style=\"border: 5px solid; padding: 2em; box-shadow: #cecece 0px 0px 0px 0px inset;\">\n<div class=\"\">\n<div class=\"row\">\n<div class=\"col-md-12 col-sm-12 col-xs-12 color2-border-color col-lg-12\" style=\"border-width: 0px 0px 2px; border-style: solid; border-bottom-color: initial; padding-bottom: 35px;\">\n<div>\n<h3 class=\"\" style=\"margin-top: 0px; text-transform: uppercase; font-size: 18px;\">Upute za autore kako oblikovati rukopis<\/h3>\n<p class=\"\"><span class=\"jCAhz ChMk0b\"><span class=\"ryNqvb\">Ovdje \u0107ete prona\u0107i na\u0161e detaljne upute (na njema\u010dkom jeziku) kako oblikovati rukopis (verzija 2024).<\/span><\/span> <span class=\"jCAhz ChMk0b\"><span class=\"ryNqvb\">Ako imate bilo kakvih pitanja ili nejasno\u0107a, ne ustru\u010davajte se kontaktirati nas.<\/span><\/span> <span class=\"jCAhz ChMk0b\"><span class=\"ryNqvb\">Na\u0161e kontakt podatke mo\u017eete prona\u0107i na naslovnoj stranici uputa ili <a href=\"https:\/\/www.kdv.hr\/?page_id=1007&amp;lang=hr\" target=\"_blank\" rel=\"noopener\">ovdje<\/a>.<\/span><\/span> <span class=\"jCAhz ChMk0b\"><span class=\"ryNqvb\">Rado \u0107emo Vas savjetovati.<\/span><\/span><\/p>\n<p class=\"\" style=\"margin-top: 20px; text-align: right;\"><a class=\"btn btn-raised btn-pill btn-color-2\" href=\"https:\/\/www.kdv.hr\/wp-content\/uploads\/kdvinfo\/Hinweise_zur_Manuskriptgestaltung_2023.pdf\" target=\"_blank\" rel=\"noopener\">Upute<\/a><\/p>\n<\/div>\n<\/div>\n<\/div>\n<div class=\"row\" style=\"box-shadow: #cecece 0px 0px 0px 0px; padding-top: 2em;\">\n<div class=\"col-md-12 col-sm-12 col-xs-12 col-lg-12\">\n<div>\n<h3 style=\"text-transform: uppercase;\">Predlo\u017eak<\/h3>\n<p class=\"\"><span class=\"jCAhz ChMk0b\"><span class=\"ryNqvb\">Za vas smo pripremili datoteku u Wordu koju mo\u017eete koristiti kao predlo\u017eak svoga rada.<\/span><\/span> <span class=\"jCAhz ChMk0b\"><span class=\"ryNqvb\">Informacije o tome kako se koristiti predlo\u0161kom mo\u017eete prona\u0107i <\/span><\/span><a href=\"https:\/\/www.kdv.hr\/wp-content\/uploads\/kdvinfo\/Dateivorlage_Hinweise.pdf\" target=\"_blank\" rel=\"noopener\">ovdje<\/a>.<\/p>\n<p class=\"\" style=\"margin-top: 20px; text-align: right;\"><a class=\"btn btn-raised btn-pill btn-color-2\" href=\"https:\/\/www.kdv.hr\/wp-content\/uploads\/kdvinfo\/KDVinfo_Dateivorlage.docx\" target=\"_blank\" rel=\"noopener\">Predlo\u017eak<\/a><\/p>\n<\/div>\n<\/div>\n<\/div>\n<div class=\"row\">\n<div class=\"col-md-12 col-sm-12 col-xs-12 col-lg-12\">\n<div>\n<p class=\"\">&nbsp;<\/p>\n<p class=\"\" style=\"margin-top: 20px; text-align: left;\"><a class=\"btn btn-raised btn-pill btn-color-1\" href=\"https:\/\/www.kdv.hr\/?page_id=1278&amp;lang=hr\" rel=\"noopener\">&lt;&nbsp;natrag<\/a> &nbsp;&nbsp;<\/p>\n<\/div>\n<\/div>\n<\/div>\n<\/div>\n<\/div>\n<\/div>\n<\/div>\n<\/div>\n","protected":false},"excerpt":{"rendered":"<p>Upute za autore kako oblikovati rukopis Ovdje \u0107ete prona\u0107i na\u0161e detaljne upute (na njema\u010dkom jeziku) kako oblikovati rukopis (verzija 2024). Ako imate bilo kakvih pitanja ili nejasno\u0107a, ne ustru\u010davajte se kontaktirati nas. Na\u0161e kontakt podatke mo\u017eete prona\u0107i na naslovnoj stranici uputa ili ovdje. Rado \u0107emo Vas savjetovati. Upute Predlo\u017eak Za vas smo pripremili datoteku u [&hellip;]<\/p>\n","protected":false},"author":2,"featured_media":0,"parent":0,"menu_order":0,"comment_status":"closed","ping_status":"closed","template":"template\/page\/fullwidth.php","meta":{"_eb_attr":"","inline_featured_image":false,"advgb_blocks_editor_width":"","advgb_blocks_columns_visual_guide":"","_monsterinsights_skip_tracking":false,"_monsterinsights_sitenote_active":false,"_monsterinsights_sitenote_note":"","_monsterinsights_sitenote_category":0,"footnotes":""},"class_list":["post-2548","page","type-page","status-publish","hentry","entry"],"coauthors":[],"author_meta":{"author_link":"https:\/\/www.kdv.hr\/?author=2","display_name":"Adam Vuk"},"relative_dates":{"created":"Ver\u00f6ffentlicht 2\u00a0Jahren vor","modified":"Aktualisiert 2\u00a0Jahren vor"},"absolute_dates":{"created":"Ver\u00f6ffentlicht am 21. 3. 2024","modified":"Aktualisiert am 21. 3. 2024"},"absolute_dates_time":{"created":"Ver\u00f6ffentlicht am 21. 3. 2024 22:19","modified":"Aktualisiert am 21. 3. 2024 22:22"},"featured_img_caption":"","featured_img":false,"series_order":"","_links":{"self":[{"href":"https:\/\/www.kdv.hr\/index.php?rest_route=\/wp\/v2\/pages\/2548","targetHints":{"allow":["GET"]}}],"collection":[{"href":"https:\/\/www.kdv.hr\/index.php?rest_route=\/wp\/v2\/pages"}],"about":[{"href":"https:\/\/www.kdv.hr\/index.php?rest_route=\/wp\/v2\/types\/page"}],"author":[{"embeddable":true,"href":"https:\/\/www.kdv.hr\/index.php?rest_route=\/wp\/v2\/users\/2"}],"replies":[{"embeddable":true,"href":"https:\/\/www.kdv.hr\/index.php?rest_route=%2Fwp%2Fv2%2Fcomments&post=2548"}],"version-history":[{"count":2,"href":"https:\/\/www.kdv.hr\/index.php?rest_route=\/wp\/v2\/pages\/2548\/revisions"}],"predecessor-version":[{"id":2554,"href":"https:\/\/www.kdv.hr\/index.php?rest_route=\/wp\/v2\/pages\/2548\/revisions\/2554"}],"wp:attachment":[{"href":"https:\/\/www.kdv.hr\/index.php?rest_route=%2Fwp%2Fv2%2Fmedia&parent=2548"}],"curies":[{"name":"wp","href":"https:\/\/api.w.org\/{rel}","templated":true}]}}