{"id":2113,"date":"2023-06-27T18:13:37","date_gmt":"2023-06-27T16:13:37","guid":{"rendered":"https:\/\/www.kdv.hr\/?page_id=2113"},"modified":"2023-07-22T21:57:11","modified_gmt":"2023-07-22T19:57:11","slug":"kdv-tagung-2023-anmeldung-als-referentin","status":"publish","type":"page","link":"https:\/\/www.kdv.hr\/?page_id=2113","title":{"rendered":"KDV-Tagung 2023: Anmeldung als Referent:in"},"content":{"rendered":"<div class=\"boldgrid-section\">\n<div class=\"container\">\n<div class=\"row\">\n<div class=\"col-lg-12 col-md-12 col-xs-12 col-sm-12\">\n<div class=\"boldgrid-shortcode wpforms-shortcode\" data-imhwpb-draggable=\"true\">\n<div class=\"wpforms-container wpforms-container-full\" id=\"wpforms-2267\"><form id=\"wpforms-form-2267\" class=\"wpforms-validate wpforms-form wpforms-ajax-form\" data-formid=\"2267\" method=\"post\" enctype=\"multipart\/form-data\" action=\"\/index.php?rest_route=%2Fwp%2Fv2%2Fpages%2F2113\" data-token=\"7ad511c6ddaeaef9d38b5dee6137c6eb\"><noscript class=\"wpforms-error-noscript\">Bitte aktiviere JavaScript in deinem Browser, um dieses Formular fertigzustellen.<\/noscript><div class=\"wpforms-page-indicator progress\" data-indicator=\"progress\" data-indicator-color=\"#72b239\" data-scroll=\"1\"><span class=\"wpforms-page-indicator-page-title\" data-page-2-title=\"Beitragsform \/\/ Oblik sudjelovanja\" data-page-3-title=\"Workshop \/\/ Radionica\" data-page-4-title=\"Markt der M\u00f6glichkeiten \/\/ Primjer dobre prakse\" data-page-5-title=\"Ende \/\/ Kraj\"><\/span><span class=\"wpforms-page-indicator-page-title-sep\" style=\"display:none;\"> - <\/span><span class=\"wpforms-page-indicator-steps\">Schritt <span class=\"wpforms-page-indicator-steps-current\">1<\/span> von 5<\/span><div class=\"wpforms-page-indicator-page-progress-wrap\"><div class=\"wpforms-page-indicator-page-progress\" style=\"width:20%;background-color:#72b239\"><\/div><\/div><\/div><div class=\"wpforms-field-container\"><div class=\"wpforms-page wpforms-page-1 \" data-page=\"1\"><div id=\"wpforms-2267-field_5-container\" class=\"wpforms-field wpforms-field-pagebreak\" data-field-id=\"5\"><\/div><div id=\"wpforms-2267-field_24-container\" class=\"wpforms-field wpforms-field-content\" data-field-id=\"24\"><div id=\"wpforms-2267-field_24\" class=\"wpforms-field-medium wpforms-field-row\" name=\"wpforms[fields][24]\"><h1><span style=\"color: #990303\">Anmeldung als Referent:in<\/span><\/h1>\n<h3><strong>zur XXXI. internationalen Tagung des kroatischen Deutschlehrerverbandes<\/strong><\/h3>\n<div class=\"wpforms-field-content-display-frontend-clear\"><\/div><\/div><\/div><div id=\"wpforms-2267-field_2-container\" class=\"wpforms-field wpforms-field-html\" data-field-id=\"2\"><div id=\"wpforms-2267-field_2\"><div><span style=\"font-size: 14pt;\">\r\nPhilosophische Fakult\u00e4t Osijek, vom 20. bis zum 22. Oktober 2023<\/span><\/div>\r\n<br>\r\n\r\n\r\n\r\n<div class=\"advgb-customstyles-target\" style=\"background: none; border-left: 5px solid rgb(241, 241, 241); color: rgb(50, 50, 50); font-size: 16px; font-style: regular; line-height: 22px; padding: 10px; width: 60%; float: left;\"><div><span style=\"font-size: 14pt;\"><strong>Heterogene Lerngruppen: Potenziale und Herausforderungen<\/strong><\/span><\/div>\r\n<div><span style=\"font-size: 14pt;\"><em>DaF-Unterricht im Spannungsfeld zwischen Inklusion und Begabtenf\u00f6rderung<\/span><\/em><\/div>\r\n<div><\/div><\/div>\r\n\r\n<br><br><br><br><br>\r\n\r\n<div><br>Bitte f\u00fcllen Sie das folgende Formular aus. Falls Sie Fragen haben sollten, wenden Sie sich gerne an uns (kdv@kdv.hr).<\/div><\/div><\/div><div id=\"wpforms-2267-field_25-container\" class=\"wpforms-field wpforms-field-divider\" data-field-id=\"25\"><\/div><div id=\"wpforms-2267-field_26-container\" class=\"wpforms-field wpforms-field-content\" data-field-id=\"26\"><div id=\"wpforms-2267-field_26\" class=\"wpforms-field-medium wpforms-field-row\" name=\"wpforms[fields][26]\"><h2>Personalien \/\/ Osobni podatci<\/h2>\n<div class=\"wpforms-field-content-display-frontend-clear\"><\/div><\/div><\/div><div id=\"wpforms-2267-field_33-container\" class=\"wpforms-field wpforms-field-content\" data-field-id=\"33\"><div id=\"wpforms-2267-field_33\" class=\"wpforms-field-medium wpforms-field-row\" name=\"wpforms[fields][33]\"><h4>Referent:in 1<\/h4>\n<div class=\"wpforms-field-content-display-frontend-clear\"><\/div><\/div><\/div><div id=\"wpforms-2267-field_27-container\" class=\"wpforms-field wpforms-field-name\" data-field-id=\"27\"><label class=\"wpforms-field-label\" for=\"wpforms-2267-field_27\">Name \/\/ ime i prezime <span class=\"wpforms-required-label\">*<\/span><\/label><div class=\"wpforms-field-row wpforms-field-medium\"><div class=\"wpforms-field-row-block wpforms-first wpforms-one-half\"><input type=\"text\" id=\"wpforms-2267-field_27\" class=\"wpforms-field-name-first wpforms-field-required\" name=\"wpforms[fields][27][first]\" required><label for=\"wpforms-2267-field_27\" class=\"wpforms-field-sublabel after \">Vorname<\/label><\/div><div class=\"wpforms-field-row-block wpforms-one-half\"><input type=\"text\" id=\"wpforms-2267-field_27-last\" class=\"wpforms-field-name-last wpforms-field-required\" name=\"wpforms[fields][27][last]\" required><label for=\"wpforms-2267-field_27-last\" class=\"wpforms-field-sublabel after \">Nachname<\/label><\/div><\/div><\/div><div id=\"wpforms-2267-field_28-container\" class=\"wpforms-field wpforms-field-text\" data-field-id=\"28\"><label class=\"wpforms-field-label\" for=\"wpforms-2267-field_28\">Institution \/\/ institucija <span class=\"wpforms-required-label\">*<\/span><\/label><input type=\"text\" id=\"wpforms-2267-field_28\" class=\"wpforms-field-medium wpforms-field-required\" name=\"wpforms[fields][28]\" required><\/div><div id=\"wpforms-2267-field_29-container\" class=\"wpforms-field wpforms-field-email\" data-field-id=\"29\"><label class=\"wpforms-field-label\" for=\"wpforms-2267-field_29\">E-Mail \/\/ adresa elektroni\u010dke po\u0161te <span class=\"wpforms-required-label\">*<\/span><\/label><input type=\"email\" id=\"wpforms-2267-field_29\" class=\"wpforms-field-medium wpforms-field-required\" name=\"wpforms[fields][29]\" spellcheck=\"false\" required><\/div><div id=\"wpforms-2267-field_30-container\" class=\"wpforms-field wpforms-field-phone\" data-field-id=\"30\"><label class=\"wpforms-field-label\" for=\"wpforms-2267-field_30\">Handynummer \/\/ broj mobitela <span class=\"wpforms-required-label\">*<\/span><\/label><input type=\"tel\" id=\"wpforms-2267-field_30\" class=\"wpforms-field-medium wpforms-field-required wpforms-smart-phone-field\" data-rule-smart-phone-field=\"true\" name=\"wpforms[fields][30]\" required><\/div><div id=\"wpforms-2267-field_44-container\" class=\"wpforms-field wpforms-field-divider\" data-field-id=\"44\"><h3 id=\"wpforms-2267-field_44\" name=\"wpforms[fields][44]\">Abschnitts-Trennzeichen<\/h3><\/div><div id=\"wpforms-2267-field_34-container\" class=\"wpforms-field wpforms-field-content\" data-field-id=\"34\"><div id=\"wpforms-2267-field_34\" class=\"wpforms-field-medium wpforms-field-row\" name=\"wpforms[fields][34]\"><h4>Referent:in 2<\/h4>\n<div class=\"wpforms-field-content-display-frontend-clear\"><\/div><\/div><\/div><div id=\"wpforms-2267-field_35-container\" class=\"wpforms-field wpforms-field-name\" data-field-id=\"35\"><label class=\"wpforms-field-label\" for=\"wpforms-2267-field_35\">Name \/\/ ime i prezime<\/label><div class=\"wpforms-field-row wpforms-field-medium\"><div class=\"wpforms-field-row-block wpforms-first wpforms-one-half\"><input type=\"text\" id=\"wpforms-2267-field_35\" class=\"wpforms-field-name-first\" name=\"wpforms[fields][35][first]\" ><label for=\"wpforms-2267-field_35\" class=\"wpforms-field-sublabel after \">Vorname<\/label><\/div><div class=\"wpforms-field-row-block wpforms-one-half\"><input type=\"text\" id=\"wpforms-2267-field_35-last\" class=\"wpforms-field-name-last\" name=\"wpforms[fields][35][last]\" ><label for=\"wpforms-2267-field_35-last\" class=\"wpforms-field-sublabel after \">Nachname<\/label><\/div><\/div><\/div><div id=\"wpforms-2267-field_36-container\" class=\"wpforms-field wpforms-field-text\" data-field-id=\"36\"><label class=\"wpforms-field-label\" for=\"wpforms-2267-field_36\">Institution \/\/ institucija<\/label><input type=\"text\" id=\"wpforms-2267-field_36\" class=\"wpforms-field-medium\" name=\"wpforms[fields][36]\" ><\/div><div id=\"wpforms-2267-field_37-container\" class=\"wpforms-field wpforms-field-email\" data-field-id=\"37\"><label class=\"wpforms-field-label\" for=\"wpforms-2267-field_37\">E-Mail \/\/ adresa elektroni\u010dke po\u0161te<\/label><input type=\"email\" id=\"wpforms-2267-field_37\" class=\"wpforms-field-medium\" name=\"wpforms[fields][37]\" spellcheck=\"false\" ><\/div><div id=\"wpforms-2267-field_38-container\" class=\"wpforms-field wpforms-field-phone\" data-field-id=\"38\"><label class=\"wpforms-field-label\" for=\"wpforms-2267-field_38\">Handynummer \/\/ broj mobitela<\/label><input type=\"tel\" id=\"wpforms-2267-field_38\" class=\"wpforms-field-medium wpforms-smart-phone-field\" data-rule-smart-phone-field=\"true\" name=\"wpforms[fields][38]\" ><\/div><div id=\"wpforms-2267-field_45-container\" class=\"wpforms-field wpforms-field-divider\" data-field-id=\"45\"><h3 id=\"wpforms-2267-field_45\" name=\"wpforms[fields][45]\">Abschnitts-Trennzeichen<\/h3><\/div><div id=\"wpforms-2267-field_39-container\" class=\"wpforms-field wpforms-field-content\" data-field-id=\"39\"><div id=\"wpforms-2267-field_39\" class=\"wpforms-field-medium wpforms-field-row\" name=\"wpforms[fields][39]\"><h4>Referent:in 3<\/h4>\n<div class=\"wpforms-field-content-display-frontend-clear\"><\/div><\/div><\/div><div id=\"wpforms-2267-field_40-container\" class=\"wpforms-field wpforms-field-name\" data-field-id=\"40\"><label class=\"wpforms-field-label\" for=\"wpforms-2267-field_40\">Name \/\/ ime i prezime<\/label><div class=\"wpforms-field-row wpforms-field-medium\"><div class=\"wpforms-field-row-block wpforms-first wpforms-one-half\"><input type=\"text\" id=\"wpforms-2267-field_40\" class=\"wpforms-field-name-first\" name=\"wpforms[fields][40][first]\" ><label for=\"wpforms-2267-field_40\" class=\"wpforms-field-sublabel after \">Vorname<\/label><\/div><div class=\"wpforms-field-row-block wpforms-one-half\"><input type=\"text\" id=\"wpforms-2267-field_40-last\" class=\"wpforms-field-name-last\" name=\"wpforms[fields][40][last]\" ><label for=\"wpforms-2267-field_40-last\" class=\"wpforms-field-sublabel after \">Nachname<\/label><\/div><\/div><\/div><div id=\"wpforms-2267-field_41-container\" class=\"wpforms-field wpforms-field-text\" data-field-id=\"41\"><label class=\"wpforms-field-label\" for=\"wpforms-2267-field_41\">Institution \/\/ institucija<\/label><input type=\"text\" id=\"wpforms-2267-field_41\" class=\"wpforms-field-medium\" name=\"wpforms[fields][41]\" ><\/div><div id=\"wpforms-2267-field_42-container\" class=\"wpforms-field wpforms-field-email\" data-field-id=\"42\"><label class=\"wpforms-field-label\" for=\"wpforms-2267-field_42\">E-Mail \/\/ adresa elektroni\u010dke po\u0161te<\/label><input type=\"email\" id=\"wpforms-2267-field_42\" class=\"wpforms-field-medium\" name=\"wpforms[fields][42]\" spellcheck=\"false\" ><\/div><div id=\"wpforms-2267-field_43-container\" class=\"wpforms-field wpforms-field-phone\" data-field-id=\"43\"><label class=\"wpforms-field-label\" for=\"wpforms-2267-field_43\">Handynummer \/\/ broj mobitela<\/label><input type=\"tel\" id=\"wpforms-2267-field_43\" class=\"wpforms-field-medium wpforms-smart-phone-field\" data-rule-smart-phone-field=\"true\" name=\"wpforms[fields][43]\" ><\/div><div id=\"wpforms-2267-field_12-container\" class=\"wpforms-field wpforms-field-pagebreak\" data-field-id=\"12\"><div class=\"wpforms-clear wpforms-pagebreak-left\"><button class=\"wpforms-page-button wpforms-page-next\" data-action=\"next\" data-page=\"1\" data-formid=\"2267\" disabled>Weiter &gt;<\/button><\/div><\/div><\/div><div class=\"wpforms-page wpforms-page-2  \" data-page=\"2\" style=\"display:none;\"><div id=\"wpforms-2267-field_31-container\" class=\"wpforms-field wpforms-field-content\" data-field-id=\"31\"><div id=\"wpforms-2267-field_31\" class=\"wpforms-field-medium wpforms-field-row\" name=\"wpforms[fields][31]\"><h2>Beitragsform \/\/ Oblik sudjelovanja<\/h2>\n<p>Bitte w\u00e4hlen Sie, mit was f\u00fcr einem Beitrag Sie an der Tagung teilnehmen m\u00f6chten.<br \/>\nMolimo, izaberite na koji na\u010din \u017eelite sudjelovati na skupu.<\/p>\n<div class=\"wpforms-field-content-display-frontend-clear\"><\/div><\/div><\/div><div id=\"wpforms-2267-field_14-container\" class=\"wpforms-field wpforms-field-checkbox wpforms-conditional-trigger\" data-field-id=\"14\"><label class=\"wpforms-field-label wpforms-label-hide\" for=\"wpforms-2267-field_14\">Checkboxen<\/label><ul id=\"wpforms-2267-field_14\"><li class=\"choice-1 depth-1\"><input type=\"checkbox\" id=\"wpforms-2267-field_14_1\" name=\"wpforms[fields][14][]\" value=\"Workshop \/\/ radionica\"  ><label class=\"wpforms-field-label-inline\" for=\"wpforms-2267-field_14_1\">Workshop \/\/ radionica<\/label><\/li><li class=\"choice-2 depth-1\"><input type=\"checkbox\" id=\"wpforms-2267-field_14_2\" name=\"wpforms[fields][14][]\" value=\"Markt der M\u00f6glichkeiten \/\/ primjer dobre prakse\"  ><label class=\"wpforms-field-label-inline\" for=\"wpforms-2267-field_14_2\">Markt der M\u00f6glichkeiten \/\/ primjer dobre prakse<\/label><\/li><\/ul><\/div><div id=\"wpforms-2267-field_4-container\" class=\"wpforms-field wpforms-field-pagebreak\" data-field-id=\"4\"><div class=\"wpforms-clear wpforms-pagebreak-left\"><button class=\"wpforms-page-button wpforms-page-prev\" data-action=\"prev\" data-page=\"2\" data-formid=\"2267\" disabled>&lt; Zur\u00fcck<\/button><button class=\"wpforms-page-button wpforms-page-next\" data-action=\"next\" data-page=\"2\" data-formid=\"2267\" disabled>Weiter &gt;<\/button><\/div><\/div><\/div><div class=\"wpforms-page wpforms-page-3  \" data-page=\"3\" style=\"display:none;\"><div id=\"wpforms-2267-field_7-container\" class=\"wpforms-field wpforms-field-content\" data-field-id=\"7\"><div id=\"wpforms-2267-field_7\" class=\"wpforms-field-medium wpforms-field-row\" name=\"wpforms[fields][7]\"><h2>Workshop \/\/ Radionica<\/h2>\n<div class=\"wpforms-field-content-display-frontend-clear\"><\/div><\/div><\/div><div id=\"wpforms-2267-field_8-container\" class=\"wpforms-field wpforms-field-text wpforms-conditional-field wpforms-conditional-show\" data-field-id=\"8\" style=\"display:none;\"><label class=\"wpforms-field-label\" for=\"wpforms-2267-field_8\">Titel des Workshops (max. 110 Zeichen) \/\/ naziv radionice (max. 110 znakova)<\/label><input type=\"text\" id=\"wpforms-2267-field_8\" class=\"wpforms-field-medium wpforms-limit-characters-enabled\" data-form-id=\"2267\" data-field-id=\"8\" data-text-limit=\"110\" name=\"wpforms[fields][8]\" maxlength=\"110\" ><\/div><div id=\"wpforms-2267-field_15-container\" class=\"wpforms-field wpforms-field-checkbox wpforms-conditional-field wpforms-conditional-show\" data-field-id=\"15\" style=\"display:none;\"><label class=\"wpforms-field-label\" for=\"wpforms-2267-field_15\">Zielgruppe \/\/ ciljna skupina<\/label><ul id=\"wpforms-2267-field_15\"><li class=\"choice-1 depth-1\"><input type=\"checkbox\" id=\"wpforms-2267-field_15_1\" name=\"wpforms[fields][15][]\" value=\"Vorschule \/\/ rani odgoj\"  ><label class=\"wpforms-field-label-inline\" for=\"wpforms-2267-field_15_1\">Vorschule \/\/ rani odgoj<\/label><\/li><li class=\"choice-2 depth-1\"><input type=\"checkbox\" id=\"wpforms-2267-field_15_2\" name=\"wpforms[fields][15][]\" value=\"Primarbereich \/\/ ni\u017ei razredi O\u0160\"  ><label class=\"wpforms-field-label-inline\" for=\"wpforms-2267-field_15_2\">Primarbereich \/\/ ni\u017ei razredi O\u0160<\/label><\/li><li class=\"choice-3 depth-1\"><input type=\"checkbox\" id=\"wpforms-2267-field_15_3\" name=\"wpforms[fields][15][]\" value=\"Sekundarstufe I \/\/ vi\u0161i razredi O\u0160\"  ><label class=\"wpforms-field-label-inline\" for=\"wpforms-2267-field_15_3\">Sekundarstufe I \/\/ vi\u0161i razredi O\u0160<\/label><\/li><li class=\"choice-4 depth-1\"><input type=\"checkbox\" id=\"wpforms-2267-field_15_4\" name=\"wpforms[fields][15][]\" value=\"Sekundarstufe II \/\/ S\u0160\"  ><label class=\"wpforms-field-label-inline\" for=\"wpforms-2267-field_15_4\">Sekundarstufe II \/\/ S\u0160<\/label><\/li><li class=\"choice-5 depth-1\"><input type=\"checkbox\" id=\"wpforms-2267-field_15_5\" name=\"wpforms[fields][15][]\" value=\"Hochschulbereich \/\/ visoka u\u010dili\u0161ta\"  ><label class=\"wpforms-field-label-inline\" for=\"wpforms-2267-field_15_5\">Hochschulbereich \/\/ visoka u\u010dili\u0161ta<\/label><\/li><\/ul><\/div><div id=\"wpforms-2267-field_16-container\" class=\"wpforms-field wpforms-field-text wpforms-conditional-field wpforms-conditional-show\" data-field-id=\"16\" style=\"display:none;\"><label class=\"wpforms-field-label\" for=\"wpforms-2267-field_16\">Ziel des Workshops \/\/ cilj radionice<\/label><input type=\"text\" id=\"wpforms-2267-field_16\" class=\"wpforms-field-medium\" name=\"wpforms[fields][16]\" ><\/div><div id=\"wpforms-2267-field_17-container\" class=\"wpforms-field wpforms-field-textarea wpforms-conditional-field wpforms-conditional-show\" data-field-id=\"17\" style=\"display:none;\"><label class=\"wpforms-field-label\" for=\"wpforms-2267-field_17\">Beschreibung (bis 300 W\u00f6rter) \/\/ opis (do 300 rije\u010di)<\/label><textarea id=\"wpforms-2267-field_17\" class=\"wpforms-field-medium wpforms-limit-words-enabled\" data-form-id=\"2267\" data-field-id=\"17\" data-text-limit=\"300\" name=\"wpforms[fields][17]\" ><\/textarea><\/div><div id=\"wpforms-2267-field_18-container\" class=\"wpforms-field wpforms-field-text wpforms-conditional-field wpforms-conditional-show\" data-field-id=\"18\" style=\"display:none;\"><label class=\"wpforms-field-label\" for=\"wpforms-2267-field_18\">Arbeitsmittel oder Ausstattung, die Sie ben\u00f6tigen \/\/ alati ili oprema koju trebate<\/label><input type=\"text\" id=\"wpforms-2267-field_18\" class=\"wpforms-field-medium\" name=\"wpforms[fields][18]\" ><\/div><div id=\"wpforms-2267-field_9-container\" class=\"wpforms-field wpforms-field-pagebreak\" data-field-id=\"9\"><div class=\"wpforms-clear wpforms-pagebreak-left\"><button class=\"wpforms-page-button wpforms-page-prev\" data-action=\"prev\" data-page=\"3\" data-formid=\"2267\" disabled>&lt; Zur\u00fcck<\/button><button class=\"wpforms-page-button wpforms-page-next\" data-action=\"next\" data-page=\"3\" data-formid=\"2267\" disabled>Weiter &gt;<\/button><\/div><\/div><\/div><div class=\"wpforms-page wpforms-page-4  \" data-page=\"4\" style=\"display:none;\"><div id=\"wpforms-2267-field_11-container\" class=\"wpforms-field wpforms-field-content\" data-field-id=\"11\"><div id=\"wpforms-2267-field_11\" class=\"wpforms-field-medium wpforms-field-row\" name=\"wpforms[fields][11]\"><h2>Markt der M\u00f6glichkeiten \/\/ Primjer dobre prakse<\/h2>\n<div class=\"wpforms-field-content-display-frontend-clear\"><\/div><\/div><\/div><div id=\"wpforms-2267-field_10-container\" class=\"wpforms-field wpforms-field-text wpforms-conditional-field wpforms-conditional-show\" data-field-id=\"10\" style=\"display:none;\"><label class=\"wpforms-field-label\" for=\"wpforms-2267-field_10\">Titel des Beitrags f\u00fcr den Markt der M\u00f6glichkeiten (max. 110 Zeichen) \/\/ naziv primjera dobre prakse (max. 110 znakova)<\/label><input type=\"text\" id=\"wpforms-2267-field_10\" class=\"wpforms-field-medium wpforms-limit-characters-enabled\" data-form-id=\"2267\" data-field-id=\"10\" data-text-limit=\"110\" name=\"wpforms[fields][10]\" maxlength=\"110\" ><\/div><div id=\"wpforms-2267-field_19-container\" class=\"wpforms-field wpforms-field-checkbox wpforms-conditional-field wpforms-conditional-show\" data-field-id=\"19\" style=\"display:none;\"><label class=\"wpforms-field-label\" for=\"wpforms-2267-field_19\">Zielgruppe \/\/ ciljna skupina (kopieren)<\/label><ul id=\"wpforms-2267-field_19\"><li class=\"choice-1 depth-1\"><input type=\"checkbox\" id=\"wpforms-2267-field_19_1\" name=\"wpforms[fields][19][]\" value=\"Vorschule \/\/ rani odgoj\"  ><label class=\"wpforms-field-label-inline\" for=\"wpforms-2267-field_19_1\">Vorschule \/\/ rani odgoj<\/label><\/li><li class=\"choice-2 depth-1\"><input type=\"checkbox\" id=\"wpforms-2267-field_19_2\" name=\"wpforms[fields][19][]\" value=\"Primarbereich \/\/ ni\u017ei razredi O\u0160\"  ><label class=\"wpforms-field-label-inline\" for=\"wpforms-2267-field_19_2\">Primarbereich \/\/ ni\u017ei razredi O\u0160<\/label><\/li><li class=\"choice-3 depth-1\"><input type=\"checkbox\" id=\"wpforms-2267-field_19_3\" name=\"wpforms[fields][19][]\" value=\"Sekundarstufe I \/\/ vi\u0161i razredi O\u0160\"  ><label class=\"wpforms-field-label-inline\" for=\"wpforms-2267-field_19_3\">Sekundarstufe I \/\/ vi\u0161i razredi O\u0160<\/label><\/li><li class=\"choice-4 depth-1\"><input type=\"checkbox\" id=\"wpforms-2267-field_19_4\" name=\"wpforms[fields][19][]\" value=\"Sekundarstufe II \/\/ S\u0160\"  ><label class=\"wpforms-field-label-inline\" for=\"wpforms-2267-field_19_4\">Sekundarstufe II \/\/ S\u0160<\/label><\/li><li class=\"choice-5 depth-1\"><input type=\"checkbox\" id=\"wpforms-2267-field_19_5\" name=\"wpforms[fields][19][]\" value=\"Hochschulbereich \/\/ visoka u\u010dili\u0161ta\"  ><label class=\"wpforms-field-label-inline\" for=\"wpforms-2267-field_19_5\">Hochschulbereich \/\/ visoka u\u010dili\u0161ta<\/label><\/li><\/ul><\/div><div id=\"wpforms-2267-field_20-container\" class=\"wpforms-field wpforms-field-text wpforms-conditional-field wpforms-conditional-show\" data-field-id=\"20\" style=\"display:none;\"><label class=\"wpforms-field-label\" for=\"wpforms-2267-field_20\">Ziel des Beitrags \/\/ cilj prezentacije primjera dobre prakse<\/label><input type=\"text\" id=\"wpforms-2267-field_20\" class=\"wpforms-field-medium\" name=\"wpforms[fields][20]\" ><\/div><div id=\"wpforms-2267-field_21-container\" class=\"wpforms-field wpforms-field-textarea wpforms-conditional-field wpforms-conditional-show\" data-field-id=\"21\" style=\"display:none;\"><label class=\"wpforms-field-label\" for=\"wpforms-2267-field_21\">Beschreibung (bis 300 W\u00f6rter) \/\/ opis (do 300 rije\u010di)<\/label><textarea id=\"wpforms-2267-field_21\" class=\"wpforms-field-medium wpforms-limit-words-enabled\" data-form-id=\"2267\" data-field-id=\"21\" data-text-limit=\"300\" name=\"wpforms[fields][21]\" ><\/textarea><\/div><div id=\"wpforms-2267-field_22-container\" class=\"wpforms-field wpforms-field-pagebreak\" data-field-id=\"22\"><div class=\"wpforms-clear wpforms-pagebreak-left\"><button class=\"wpforms-page-button wpforms-page-prev\" data-action=\"prev\" data-page=\"4\" data-formid=\"2267\" disabled>&lt; Zur\u00fcck<\/button><button class=\"wpforms-page-button wpforms-page-next\" data-action=\"next\" data-page=\"4\" data-formid=\"2267\" disabled>Weiter &gt;<\/button><\/div><\/div><\/div><div class=\"wpforms-page wpforms-page-5 last \" data-page=\"5\" style=\"display:none;\"><div id=\"wpforms-2267-field_23-container\" class=\"wpforms-field wpforms-field-content\" data-field-id=\"23\"><div id=\"wpforms-2267-field_23\" class=\"wpforms-field-medium wpforms-field-row\" name=\"wpforms[fields][23]\"><h2>Vielen Dank f\u00fcr Ihre Anmeldung<\/h2>\n<div>\n<div class=\"spb5Rd OIC90c\">In K\u00fcrze melden wir uns bei Ihnen mit der Information, ob Ihr Beitrag in das Tagungsprogramm aufgenommen wurde. Genaue Zeit und die Teilnehmerzahl teilen wir Ihnen nachtr\u00e4glich mit.<\/div>\n<p><strong>&nbsp;<\/strong><\/p>\n<\/div>\n<div><\/div>\n<div>\n<h2>Zahvaljujemo na Va\u0161oj prijavi<\/h2>\n<div>\n<div class=\"spb5Rd OIC90c\">Uskoro \u0107emo Vam javiti je li Va\u0161e izlaganje uvr\u0161teno u program skupa. To\u010dno vrijeme i broj sudionika javit \u0107emo Vam naknadno.<\/div>\n<\/div>\n<\/div>\n<div class=\"wpforms-field-content-display-frontend-clear\"><\/div><\/div><\/div><div id=\"wpforms-2267-field_6-container\" class=\"wpforms-field wpforms-field-pagebreak\" data-field-id=\"6\"><div class=\"wpforms-clear wpforms-pagebreak-left\"><\/div><\/div><\/div><\/div><!-- .wpforms-field-container --><div class=\"wpforms-submit-container\" style=\"display:none;\"><input type=\"hidden\" name=\"wpforms[id]\" value=\"2267\"><input type=\"hidden\" name=\"wpforms[author]\" value=\"2\"><button type=\"submit\" name=\"wpforms[submit]\" id=\"wpforms-submit-2267\" class=\"wpforms-submit\" data-alt-text=\"Senden\u2026\" data-submit-text=\"Absenden \/\/ po\u0161alji\" aria-live=\"assertive\" value=\"wpforms-submit\">Absenden \/\/ po\u0161alji<\/button><img decoding=\"async\" src=\"https:\/\/www.kdv.hr\/wp-content\/plugins\/wpforms\/assets\/images\/submit-spin.svg\" class=\"wpforms-submit-spinner\" style=\"display: none;\" width=\"26\" height=\"26\" alt=\"Wird geladen\"><\/div><\/form><\/div>  <!-- .wpforms-container -->\n<\/div>\n<\/div>\n<\/div>\n<\/div>\n<\/div>\n","protected":false},"excerpt":{"rendered":"","protected":false},"author":2,"featured_media":0,"parent":0,"menu_order":0,"comment_status":"closed","ping_status":"closed","template":"template\/page\/fullwidth.php","meta":{"_eb_attr":"","inline_featured_image":false,"advgb_blocks_editor_width":"","advgb_blocks_columns_visual_guide":"","_monsterinsights_skip_tracking":false,"_monsterinsights_sitenote_active":false,"_monsterinsights_sitenote_note":"","_monsterinsights_sitenote_category":0,"footnotes":""},"class_list":["post-2113","page","type-page","status-publish","hentry","entry"],"coauthors":[],"author_meta":{"author_link":"https:\/\/www.kdv.hr\/?author=2","display_name":"Adam Vuk"},"relative_dates":{"created":"Ver\u00f6ffentlicht 3\u00a0Jahren vor","modified":"Aktualisiert 3\u00a0Jahren vor"},"absolute_dates":{"created":"Ver\u00f6ffentlicht am 27. 6. 2023","modified":"Aktualisiert am 22. 7. 2023"},"absolute_dates_time":{"created":"Ver\u00f6ffentlicht am 27. 6. 2023 18:13","modified":"Aktualisiert am 22. 7. 2023 21:57"},"featured_img_caption":"","featured_img":false,"series_order":"","_links":{"self":[{"href":"https:\/\/www.kdv.hr\/index.php?rest_route=\/wp\/v2\/pages\/2113","targetHints":{"allow":["GET"]}}],"collection":[{"href":"https:\/\/www.kdv.hr\/index.php?rest_route=\/wp\/v2\/pages"}],"about":[{"href":"https:\/\/www.kdv.hr\/index.php?rest_route=\/wp\/v2\/types\/page"}],"author":[{"embeddable":true,"href":"https:\/\/www.kdv.hr\/index.php?rest_route=\/wp\/v2\/users\/2"}],"replies":[{"embeddable":true,"href":"https:\/\/www.kdv.hr\/index.php?rest_route=%2Fwp%2Fv2%2Fcomments&post=2113"}],"version-history":[{"count":11,"href":"https:\/\/www.kdv.hr\/index.php?rest_route=\/wp\/v2\/pages\/2113\/revisions"}],"predecessor-version":[{"id":2283,"href":"https:\/\/www.kdv.hr\/index.php?rest_route=\/wp\/v2\/pages\/2113\/revisions\/2283"}],"wp:attachment":[{"href":"https:\/\/www.kdv.hr\/index.php?rest_route=%2Fwp%2Fv2%2Fmedia&parent=2113"}],"curies":[{"name":"wp","href":"https:\/\/api.w.org\/{rel}","templated":true}]}}