{"id":1909,"date":"2023-05-05T22:41:15","date_gmt":"2023-05-05T20:41:15","guid":{"rendered":"https:\/\/www.kdv.hr\/?page_id=1909"},"modified":"2023-05-16T16:07:12","modified_gmt":"2023-05-16T14:07:12","slug":"sektionen","status":"publish","type":"page","link":"https:\/\/www.kdv.hr\/?page_id=1909","title":{"rendered":"Sektionen"},"content":{"rendered":"<div class=\"tmpl-services-8 boldgrid-section dynamic-gridblock background-fixed\" style=\"border-width: 0px; background-size: auto; background-repeat: repeat; background-image: url('https:\/\/www.kdv.hr\/wp-content\/plugins\/post-and-page-builder\/assets\/image\/patterns\/black-thread.png');\">\n<div data-shape=\"pyramids-1\" data-position=\"top\" class=\"boldgrid-section-divider section-divider-top section-divider-pyramids-1\" style=\"width: 100%; height: 60px; overflow: hidden;\"><svg xmlns=\"http:\/\/www.w3.org\/2000\/svg\" viewBox=\"0 0 1000 100\" preserveAspectRatio=\"none\" style=\"width: 100%; height: 60px; display: block; position: relative;\"> <path class=\"boldgrid-shape-fill\" d=\"M761.9,44.1L643.1,27.2L333.8,98L0,3.8V0l1000,0v3.9\" style=\"fill: #ffffff; transform: scaleX(1); transform-origin: center;\" data-scalex=\"1\"><\/path> K<\/svg><\/div>\n<div class=\"container-fluid\">\n<div class=\"row\">\n<div class=\"col-md-5 col-sm-12 col-xs-12 color5-background-color color-5-text-contrast bg-background-color col-lg-3\" style=\"padding: 2em;\">\n<div style=\"border-width: 0px;\" class=\"\">\n<h2 class=\"h1 color3-color\" style=\"margin-top: 25px; margin-bottom: 50px;\">Sektionen<\/h2>\n<p class=\"\"><span class=\"HwtZe\" lang=\"de\"><span class=\"jCAhz ChMk0b\"><span class=\"ryNqvb\">Der Verein hat f\u00fcnf Sektionen, die sich mit unterschiedlichen Lernzielen und Sch\u00fclerprofilen sowie ihren spezifischen Bed\u00fcrfnissen besch\u00e4ftigen.<\/span><\/span><\/span><\/p>\n<div class=\"row bg-editor-hr-wrap\">\n<div class=\"col-lg-12 col-md-12 col-xs-12 col-sm-12\">\n<div>\n<hr class=\"bg-hr\" style=\"border: 3px solid; margin-left: 0px; margin-top: 30px; margin-bottom: 30px; color: #ffffff;\" width=\"20%\">\n<\/div>\n<\/div>\n<\/div>\n<\/div>\n<\/div>\n<div class=\"col-md-1 col-sm-2 col-xs-2 color5-background-color color-5-text-contrast bg-background-color col-lg-1\"><\/div>\n<div class=\"col-md-6 col-sm-10 col-xs-10 col-lg-8\" style=\"border-width: 0px;\">\n<div style=\"padding: 2em; margin: 50px 25px 50px -75px; border-width: 0px; width: auto;\" class=\"bg-box-cover color3-background-color color-3-text-contrast bg-background-color bg-box\">\n<div class=\"row bg-editor-hr-wrap\" style=\"padding-top: 20px; padding-bottom: 20px; border-width: 0px;\">\n<div class=\"col-md-6 col-sm-6 col-xs-12 col-lg-6\">\n<div>\n<div>\n<h1 style=\"margin-top: 15px; margin-bottom: 10px; border-width: 0px; color: #000000;\">Unsere Sektionen<\/h1>\n<hr class=\"bg-hr\" style=\"border: 3px solid; margin-left: 0px; margin-top: 0px; color: #990303;\" width=\"10%\">\n<\/div>\n<\/div>\n<\/div>\n<div class=\"col-md-6 col-sm-6 col-xs-12 col-lg-6\">\n<div><\/div>\n<\/div>\n<\/div>\n<div class=\"row bg-editor-hr-wrap\" style=\"padding-top: 0em; padding-bottom: 1em; border-width: 0px; margin: 0px -100px 0px 0px; width: auto;\">\n<div class=\"col-md-6 col-sm-6 col-xs-12 col-lg-6\">\n<div>\n<table class=\"bg-table table table-vertical-align-middle\" style=\"width: 69.5374%; height: 307px; border-width: 0px; text-transform: none; font-weight: 400; line-height: 10px;\" data-num-cols=\"1\" data-num-rows=\"5\" data-font-weight=\"400\">\n<tbody>\n<tr style=\"height: 54.3667px;\" data-row=\"2\">\n<td class=\"\" style=\"width: 70%; height: 47.8333px; border-style: solid; border-width: 1px 0px 0px;\" data-label=\"Header 1\"><a href=\"#vorschulsektion\">Vorschulsektion<\/a><\/td>\n<\/tr>\n<tr style=\"height: 49.8333px;\" data-row=\"2\">\n<td style=\"width: 70%; height: 45.3px;\" data-label=\"Header 1\"><a href=\"#grundschulsektion\">Grundschulsektion<\/a><\/td>\n<\/tr>\n<tr style=\"height: 46.7833px;\" data-row=\"3\">\n<td style=\"width: 70%; height: 43.6333px;\" data-label=\"Header 1\"><a href=\"#mittelschulischesektion\">Gymnasien und berufsbildende Schulen<\/a><\/td>\n<\/tr>\n<tr style=\"height: 44.6667px;\" data-row=\"4\">\n<td style=\"width: 70%; height: 42.4833px;\" data-label=\"Header 1\"><a href=\"#hochschulsektion\">Hochschulsektion<\/a><\/td>\n<\/tr>\n<tr style=\"height: 42.1833px;\">\n<td style=\"width: 70%; height: 40.6667px;\" data-label=\"Header 1\"><a href=\"#fremdsprachenschulsektion\">Fremdsprachenschulsektion<\/a><\/td>\n<\/tr>\n<\/tbody>\n<\/table>\n<\/div>\n<\/div>\n<div class=\"col-md-6 col-sm-6 col-xs-12 col-lg-6\">\n<div><\/div>\n<\/div>\n<\/div>\n<\/div>\n<\/div>\n<\/div>\n<\/div>\n<\/div>\n<div class=\"tmpl-services-8 boldgrid-section dynamic-gridblock background-fixed\" style=\"border-width: 0px; background-size: auto; background-repeat: repeat; background-image: url('https:\/\/www.kdv.hr\/wp-content\/plugins\/post-and-page-builder\/assets\/image\/patterns\/black-thread.png');\">\n<div class=\"container-fluid\">\n<div class=\"row bg-background-color color1-background-color color-1-text-contrast\" style=\"padding-top: 50px; padding-bottom: 50px; border-width: 0px;\">\n<div class=\"col-md-4 col-xs-12 col-sm-5 col-lg-5\" style=\"border-width: 0px;\">\n<h1 id=\"vorschulsektion\" class=\"h3\" style=\"text-align: center;\">Vorschulsektion<\/h1>\n<\/div>\n<div class=\"col-md-7 col-sm-6 col-xs-12 col-lg-7\"><\/div>\n<\/div>\n<div class=\"row\" style=\"padding-bottom: 0px; border-width: 0px;\">\n<div class=\"col-md-4 col-xs-12 col-sm-5 col-lg-5\" style=\"border-width: 0px; padding-left: 0em; padding-right: 4em;\" data-wp-editing=\"1\">\n<div style=\"border-width: 0px;\" class=\"\">\n<p class=\"\" style=\"text-align: center; line-height: 1em; margin: -30px 0px; border-width: 0px;\"><img fetchpriority=\"high\" decoding=\"async\" class=\"bg-img wp-image-1500 size-medium alignright\" style=\"border-width: 0px;\" src=\"https:\/\/www.kdv.hr\/wp-content\/uploads\/2022\/11\/zweigstellen_weiss-225x300.jpg\" alt=\"\" width=\"300\" height=\"400\" srcset=\"https:\/\/www.kdv.hr\/wp-content\/uploads\/2022\/11\/zweigstellen_weiss-225x300.jpg 225w, https:\/\/www.kdv.hr\/wp-content\/uploads\/2022\/11\/zweigstellen_weiss.jpg 300w\" sizes=\"(max-width: 300px) 100vw, 300px\" \/><\/p>\n<\/div>\n<\/div>\n<div class=\"col-md-5 col-sm-5 col-xs-12 col-lg-7 align-column-center bg-background-color color-5-text-contrast color5-background-color\" style=\"border-width: 0px; padding-left: 3em; padding-right: 15em;\">\n<p class=\"\">&nbsp;<\/p>\n<h3 class=\"\" style=\"border-width: 0px; margin-top: 30px;\"><span style=\"color: #ffffff;\"><strong>Sektionsleiterin<\/strong><\/span><\/h3>\n<p class=\"\" style=\"border-width: 0px; font-weight: 600; font-size: 22px; text-transform: none; padding-right: 0em; padding-left: 0em; margin: -10px 0px 0px 40px;\" data-font-weight=\"600\">Renata Marinkovi\u0107 Krvavica<\/p>\n<h3 class=\"\" style=\"border-width: 0px; margin-top: 30px;\"><span style=\"color: #ffffff;\"><strong>Kontakt<\/strong><\/span><\/h3>\n<p class=\"\" style=\"border-width: 0px; padding: 0em; margin-left: 40px; margin-top: -10px;\">Dje\u010dji vrti\u0107 Razli\u010dak<br \/>\n<span class=\"LrzXr\">Wellerov vrt 1<br \/>\n<\/span>10000 Zagreb<\/p>\n<p class=\"\" style=\"border-width: 0px; padding-left: 0em; margin-left: 40px;\"><i class=\"fas fa-envelope\"><\/i>\u2003<a href=\"mailto:renatamarinkovickrvavica@gmail.com\">renatamarinkovickrvavica@gmail.com<\/a><\/p>\n<p class=\"\" style=\"border-width: 0px; margin-top: 50px; margin-bottom: 50px;\">Lorem ipsum dolor sit amet, consetetur sadipscing elitr, sed diam nonumy eirmod tempor invidunt ut labore et dolore magna aliquyam erat, sed diam voluptua. At vero eos et accusam et justo duo dolores et ea rebum. Stet clita kasd gubergren, no sea takimata sanctus est Lorem ipsum dolor sit amet. Lorem ipsum dolor sit amet, consetetur sadipscing elitr, sed diam nonumy eirmod tempor invidunt ut labore et dolore magna aliquyam erat, sed diam voluptua. At vero eos et accusam et justo duo dolores et ea rebum. Stet clita kasd gubergren, no sea takimata sanctus est Lorem ipsum dolor sit amet.<\/p>\n<\/div>\n<\/div>\n<\/div>\n<\/div>\n<div class=\"tmpl-services-8 boldgrid-section dynamic-gridblock background-fixed\" style=\"border-width: 0px; background-size: auto; background-repeat: repeat; background-image: url('https:\/\/www.kdv.hr\/wp-content\/plugins\/post-and-page-builder\/assets\/image\/patterns\/black-thread.png');\">\n<div class=\"container-fluid\">\n<div class=\"row bg-background-color color1-background-color color-1-text-contrast\" style=\"padding-top: 50px; padding-bottom: 50px; border-width: 0px;\">\n<div class=\"col-md-4 col-xs-12 col-sm-5 col-lg-5\">\n<h1 id=\"grundschulsektion\" class=\"h3\" style=\"text-align: center;\">Grundschulsektion<\/h1>\n<\/div>\n<div class=\"col-md-7 col-sm-6 col-xs-12 col-lg-7\"><\/div>\n<\/div>\n<div class=\"row background-fixed\" style=\"padding-bottom: 0px; border-width: 0px; background-color: #ffffff; background-size: auto; background-repeat: repeat; background-image: url('https:\/\/www.kdv.hr\/wp-content\/plugins\/post-and-page-builder\/assets\/image\/patterns\/black-thread.png');\">\n<div class=\"col-md-4 col-xs-12 col-sm-5 col-lg-5\" style=\"border-width: 0px; padding-right: 4em;\">\n<p class=\"\" style=\"text-align: center; line-height: 1em; margin: -30px 0px; border-width: 0px;\"><img decoding=\"async\" class=\"bg-img wp-image-1500 size-medium alignright\" src=\"https:\/\/www.kdv.hr\/wp-content\/uploads\/2022\/11\/zweigstellen_weiss-225x300.jpg\" alt=\"\" width=\"300\" height=\"400\" srcset=\"https:\/\/www.kdv.hr\/wp-content\/uploads\/2022\/11\/zweigstellen_weiss-225x300.jpg 225w, https:\/\/www.kdv.hr\/wp-content\/uploads\/2022\/11\/zweigstellen_weiss.jpg 300w\" sizes=\"(max-width: 300px) 100vw, 300px\" \/><\/p>\n<\/div>\n<div class=\"col-md-5 col-sm-5 col-xs-12 col-lg-7 align-column-center bg-background-color color5-background-color color-5-text-contrast\" style=\"border-width: 0px; padding-left: 3em; padding-right: 15em;\">\n<p class=\"\">&nbsp;<\/p>\n<h3 class=\"\" style=\"border-width: 0px; margin-top: 30px;\"><span style=\"color: #ffffff;\"><strong>Sektionsleiterin<\/strong><\/span><\/h3>\n<p class=\"\" style=\"border-width: 0px; font-weight: 600; font-size: 22px; text-transform: none; padding-right: 0em; padding-left: 0em; margin: -10px 0px 0px 40px;\" data-font-weight=\"600\">Dr. Ivana Mati\u0107<\/p>\n<h3 class=\"\" style=\"border-width: 0px; margin-top: 30px;\"><span style=\"color: #ffffff;\"><strong>Kontakt<\/strong><\/span><\/h3>\n<p class=\"\" style=\"border-width: 0px; padding: 0em; margin-left: 40px; margin-top: -10px;\">O\u0160 Ivana Kukuljevi\u0107a Sakcinskog<br \/>\nUl. akademika Ladislava \u0160abana 17<br \/>\n42240 Ivanec<\/p>\n<p class=\"\" style=\"border-width: 0px; padding-left: 0em; margin-left: 40px;\"><i class=\"fas fa-envelope\"><\/i>\u2003<a href=\"mailto:ivanamati@gmail.com\">ivanamati@gmail.com<\/a><\/p>\n<p class=\"\" style=\"border-width: 0px; margin-top: 50px; margin-bottom: 50px;\">Lorem ipsum dolor sit amet, consetetur sadipscing elitr, sed diam nonumy eirmod tempor invidunt ut labore et dolore magna aliquyam erat, sed diam voluptua. At vero eos et accusam et justo duo dolores et ea rebum. Stet clita kasd gubergren, no sea takimata sanctus est Lorem ipsum dolor sit amet. Lorem ipsum dolor sit amet, consetetur sadipscing elitr, sed diam nonumy eirmod tempor invidunt ut labore et dolore magna aliquyam erat, sed diam voluptua. At vero eos et accusam et justo duo dolores et ea rebum. Stet clita kasd gubergren, no sea takimata sanctus est Lorem ipsum dolor sit amet.<\/p>\n<\/div>\n<\/div>\n<\/div>\n<\/div>\n<div style=\"padding-bottom: 0em; border-width: 0px;\" class=\"tmpl-team-12 boldgrid-section dynamic-gridblock color4-background-color color-4-text-contrast bg-background-color\">\n<div class=\"container-fluid\">\n<div class=\"row\" style=\"padding-top: 50px; padding-bottom: 50px;\">\n<div class=\"col-md-4 col-xs-12 col-sm-5 col-lg-6\">\n<h1 id=\"mittelschulischesektion\" class=\"h3\" style=\"text-align: center;\">Gymnasien und berufsbildende Schulen<\/h1>\n<\/div>\n<div class=\"col-md-7 col-sm-6 col-xs-12 col-lg-6\"><\/div>\n<\/div>\n<div class=\"row background-fixed\" style=\"padding-bottom: 0px; border-width: 0px; background-size: auto; background-repeat: repeat; background-color: #ffffff; background-image: url('https:\/\/www.kdv.hr\/wp-content\/plugins\/post-and-page-builder\/assets\/image\/patterns\/black-thread.png');\">\n<div class=\"col-md-4 col-xs-12 col-sm-5 col-lg-5\" style=\"border-width: 0px; padding-right: 4em;\">\n<p class=\"\" style=\"text-align: center; line-height: 1em; margin: -30px 0px; border-width: 0px;\"><img decoding=\"async\" class=\"bg-img wp-image-1500 size-medium alignright\" src=\"https:\/\/www.kdv.hr\/wp-content\/uploads\/2022\/11\/zweigstellen_weiss-225x300.jpg\" alt=\"\" width=\"300\" height=\"400\" srcset=\"https:\/\/www.kdv.hr\/wp-content\/uploads\/2022\/11\/zweigstellen_weiss-225x300.jpg 225w, https:\/\/www.kdv.hr\/wp-content\/uploads\/2022\/11\/zweigstellen_weiss.jpg 300w\" sizes=\"(max-width: 300px) 100vw, 300px\" \/><\/p>\n<\/div>\n<div class=\"col-md-5 col-sm-5 col-xs-12 col-lg-7 align-column-center color-5-text-contrast color5-background-color\" style=\"border-width: 0px; padding-left: 3em; padding-right: 15em;\">\n<div class=\"\">\n<p class=\"\">&nbsp;<\/p>\n<h3 class=\"\" style=\"border-width: 0px; margin-top: 30px;\"><span style=\"color: #ffffff;\"><strong>Sektionsleiterin<\/strong><\/span><\/h3>\n<p class=\"\" style=\"border-width: 0px; font-weight: 600; font-size: 22px; text-transform: none; padding-right: 0em; padding-left: 0em; margin: -10px 0px 0px 40px;\" data-font-weight=\"600\">Irena Lasi\u0107<\/p>\n<h3 class=\"\" style=\"margin-top: 30px;\"><strong>Kontakt<\/strong><\/h3>\n<p class=\"\" style=\"margin-top: -10px; margin-left: 40px;\">V. gimnazija<br \/>\nVjekoslava Klai\u0107a 1<br \/>\n10000 Zagreb<\/p>\n<p class=\"\" style=\"margin-left: 40px;\"><i class=\"fas fa-envelope\"><\/i>\u2003<a href=\"mailto:irena.lasic@zg.ht.hr\">irena.lasic@zg.ht.hr<\/a><\/p>\n<p class=\"\" style=\"border-width: 0px; margin-top: 50px; margin-bottom: 50px;\">Lorem ipsum dolor sit amet, consetetur sadipscing elitr, sed diam nonumy eirmod tempor invidunt ut labore et dolore magna aliquyam erat, sed diam voluptua. At vero eos et accusam et justo duo dolores et ea rebum. Stet clita kasd gubergren, no sea takimata sanctus est Lorem ipsum dolor sit amet. Lorem ipsum dolor sit amet, consetetur sadipscing elitr, sed diam nonumy eirmod tempor invidunt ut labore et dolore magna aliquyam erat, sed diam voluptua. At vero eos et accusam et justo duo dolores et ea rebum. Stet clita kasd gubergren, no sea takimata sanctus est Lorem ipsum dolor sit amet.<\/p>\n<\/div>\n<\/div>\n<\/div>\n<\/div>\n<\/div>\n<div style=\"padding-bottom: 0em; border-width: 0px;\" class=\"tmpl-team-12 boldgrid-section dynamic-gridblock color4-background-color color-4-text-contrast bg-background-color\">\n<div class=\"container-fluid\">\n<div class=\"row\" style=\"padding-top: 50px; padding-bottom: 50px;\">\n<div class=\"col-md-4 col-xs-12 col-sm-5 col-lg-5\">\n<h1 id=\"hochschulsektion\" class=\"h3\" style=\"text-align: center;\">Hochschulsektion<\/h1>\n<\/div>\n<div class=\"col-md-7 col-sm-6 col-xs-12 col-lg-7\"><\/div>\n<\/div>\n<div class=\"row background-fixed\" style=\"padding-bottom: 0px; border-width: 0px; background-color: #ffffff; background-size: auto; background-repeat: repeat; background-image: url('https:\/\/www.kdv.hr\/wp-content\/plugins\/post-and-page-builder\/assets\/image\/patterns\/black-thread.png');\">\n<div class=\"col-md-4 col-xs-12 col-sm-5 col-lg-5\" style=\"border-width: 0px; padding-right: 4em;\">\n<p class=\"\" style=\"text-align: center; line-height: 1em; margin: -30px 0px; border-width: 0px;\"><img decoding=\"async\" class=\"bg-img wp-image-1500 size-medium alignright\" src=\"https:\/\/www.kdv.hr\/wp-content\/uploads\/2022\/11\/zweigstellen_weiss-225x300.jpg\" alt=\"\" width=\"300\" height=\"400\" srcset=\"https:\/\/www.kdv.hr\/wp-content\/uploads\/2022\/11\/zweigstellen_weiss-225x300.jpg 225w, https:\/\/www.kdv.hr\/wp-content\/uploads\/2022\/11\/zweigstellen_weiss.jpg 300w\" sizes=\"(max-width: 300px) 100vw, 300px\" \/><\/p>\n<\/div>\n<div class=\"col-md-5 col-sm-5 col-xs-12 col-lg-7 align-column-center bg-background-color color5-background-color color-5-text-contrast\" style=\"border-width: 0px; padding-left: 3em; padding-right: 15em;\">\n<p class=\"\">&nbsp;<\/p>\n<h3 class=\"\" style=\"border-width: 0px; margin-top: 30px;\"><span style=\"color: #ffffff;\"><strong>Sektionsleiterin<\/strong><\/span><\/h3>\n<p class=\"\" style=\"border-width: 0px; font-weight: 600; font-size: 22px; text-transform: none; padding-right: 0em; padding-left: 0em; margin: -10px 0px 0px 40px;\" data-font-weight=\"600\">Doz. Dr. Lucia Mi\u0161kulin Saletovi\u0107<\/p>\n<h3 class=\"\" style=\"border-width: 0px; margin-top: 30px;\"><span style=\"color: #ffffff;\"><strong>Kontakt<\/strong><\/span><\/h3>\n<p class=\"\" style=\"border-width: 0px; padding: 0em; margin-left: 40px; margin-top: -10px;\">Fakultet hrvatskih studija<br \/>\nBorongajska cesta 83d<br \/>\n10000 Zagreb<\/p>\n<p class=\"\" style=\"border-width: 0px; padding-left: 0em; margin-left: 40px;\"><i class=\"fas fa-envelope\"><\/i>\u2003<a href=\"mailto:lmiskulin@hrstud.hr\">lmiskulin@hrstud.hr<\/a><\/p>\n<p class=\"\" style=\"border-width: 0px; margin-top: 50px; margin-bottom: 50px;\">Lorem ipsum dolor sit amet, consetetur sadipscing elitr, sed diam nonumy eirmod tempor invidunt ut labore et dolore magna aliquyam erat, sed diam voluptua. At vero eos et accusam et justo duo dolores et ea rebum. Stet clita kasd gubergren, no sea takimata sanctus est Lorem ipsum dolor sit amet. Lorem ipsum dolor sit amet, consetetur sadipscing elitr, sed diam nonumy eirmod tempor invidunt ut labore et dolore magna aliquyam erat, sed diam voluptua. At vero eos et accusam et justo duo dolores et ea rebum. Stet clita kasd gubergren, no sea takimata sanctus est Lorem ipsum dolor sit amet.<\/p>\n<\/div>\n<\/div>\n<\/div>\n<\/div>\n<div style=\"padding-bottom: 0em; border-width: 0px;\" class=\"tmpl-team-12 boldgrid-section dynamic-gridblock color4-background-color color-4-text-contrast bg-background-color\">\n<div class=\"container-fluid\">\n<div class=\"row\" style=\"padding-top: 50px; padding-bottom: 50px;\">\n<div class=\"col-md-4 col-xs-12 col-sm-5 col-lg-5\">\n<h1 id=\"fremdsprachenschulsektion\" class=\"h3\" style=\"text-align: center;\">Fremdsprachenschulsektion<\/h1>\n<\/div>\n<div class=\"col-md-7 col-sm-6 col-xs-12 col-lg-7\"><\/div>\n<\/div>\n<div class=\"row background-fixed\" style=\"padding-bottom: 0px; border-width: 0px; background-color: #ffffff; background-size: auto; background-repeat: repeat; background-image: url('https:\/\/www.kdv.hr\/wp-content\/plugins\/post-and-page-builder\/assets\/image\/patterns\/black-thread.png');\">\n<div class=\"col-md-4 col-xs-12 col-sm-5 col-lg-5\" style=\"border-width: 0px; padding-right: 4em;\">\n<p class=\"\" style=\"text-align: center; line-height: 1em; margin: -30px 0px; border-width: 0px;\"><img decoding=\"async\" class=\"bg-img wp-image-1500 size-medium alignright\" src=\"https:\/\/www.kdv.hr\/wp-content\/uploads\/2022\/11\/zweigstellen_weiss-225x300.jpg\" alt=\"\" width=\"300\" height=\"400\" srcset=\"https:\/\/www.kdv.hr\/wp-content\/uploads\/2022\/11\/zweigstellen_weiss-225x300.jpg 225w, https:\/\/www.kdv.hr\/wp-content\/uploads\/2022\/11\/zweigstellen_weiss.jpg 300w\" sizes=\"(max-width: 300px) 100vw, 300px\" \/><\/p>\n<\/div>\n<div class=\"col-md-5 col-sm-5 col-xs-12 col-lg-7 align-column-center color-5-text-contrast color5-background-color\" style=\"border-width: 0px; padding-left: 3em; padding-right: 15em;\">\n<div style=\"border-width: 0px;\" class=\"\">\n<p class=\"\">&nbsp;<\/p>\n<h3 class=\"\" style=\"border-width: 0px; margin-top: 30px;\"><span style=\"color: #ffffff;\"><strong>Sektionsleiterin<\/strong><\/span><\/h3>\n<p class=\"\" style=\"border-width: 0px; font-weight: 600; font-size: 22px; text-transform: none; padding-right: 0em; padding-left: 0em; margin: -10px 0px 0px 40px;\" data-font-weight=\"600\">Danica Holeti\u0107<\/p>\n<h3 class=\"\" style=\"border-width: 0px; margin-top: 30px;\"><span style=\"color: #ffffff;\"><strong>Kontakt<\/strong><\/span><\/h3>\n<p class=\"\" style=\"border-width: 0px; margin: -10px 0px 0px 40px;\">Trilibris d.o.o.<br \/>\nKuha\u010deva 22<br \/>\n10000 Zagreb<\/p>\n<p class=\"\" style=\"border-width: 0px; padding-left: 0em; margin-left: 40px;\"><i class=\"fas fa-envelope\"><\/i>\u2003<a href=\"mailto:danica@duga-skola.com\">danica@duga-skola.com<\/a><\/p>\n<p class=\"\" style=\"border-width: 0px; margin-top: 50px; margin-bottom: 50px;\">Lorem ipsum dolor sit amet, consetetur sadipscing elitr, sed diam nonumy eirmod tempor invidunt ut labore et dolore magna aliquyam erat, sed diam voluptua. At vero eos et accusam et justo duo dolores et ea rebum. Stet clita kasd gubergren, no sea takimata sanctus est Lorem ipsum dolor sit amet. Lorem ipsum dolor sit amet, consetetur sadipscing elitr, sed diam nonumy eirmod tempor invidunt ut labore et dolore magna aliquyam erat, sed diam voluptua. At vero eos et accusam et justo duo dolores et ea rebum. Stet clita kasd gubergren, no sea takimata sanctus est Lorem ipsum dolor sit amet.<\/p>\n<\/div>\n<\/div>\n<\/div>\n<\/div>\n<\/div>\n","protected":false},"excerpt":{"rendered":"<p>K Sektionen Der Verein hat f\u00fcnf Sektionen, die sich mit unterschiedlichen Lernzielen und Sch\u00fclerprofilen sowie ihren spezifischen Bed\u00fcrfnissen besch\u00e4ftigen. Unsere Sektionen Vorschulsektion Grundschulsektion Gymnasien und berufsbildende Schulen Hochschulsektion Fremdsprachenschulsektion Vorschulsektion &nbsp; Sektionsleiterin Renata Marinkovi\u0107 Krvavica Kontakt Dje\u010dji vrti\u0107 Razli\u010dak Wellerov vrt 1 10000 Zagreb \u2003renatamarinkovickrvavica@gmail.com Lorem ipsum dolor sit amet, consetetur sadipscing elitr, sed diam [&hellip;]<\/p>\n","protected":false},"author":2,"featured_media":0,"parent":0,"menu_order":0,"comment_status":"closed","ping_status":"closed","template":"template\/page\/fullwidth.php","meta":{"_eb_attr":"","inline_featured_image":false,"advgb_blocks_editor_width":"","advgb_blocks_columns_visual_guide":"","_monsterinsights_skip_tracking":false,"_monsterinsights_sitenote_active":false,"_monsterinsights_sitenote_note":"","_monsterinsights_sitenote_category":0,"footnotes":""},"class_list":["post-1909","page","type-page","status-publish","hentry","entry"],"coauthors":[],"author_meta":{"author_link":"https:\/\/www.kdv.hr\/?author=2","display_name":"Adam Vuk"},"relative_dates":{"created":"Ver\u00f6ffentlicht 3\u00a0Jahren vor","modified":"Aktualisiert 3\u00a0Jahren vor"},"absolute_dates":{"created":"Ver\u00f6ffentlicht am 5. 5. 2023","modified":"Aktualisiert am 16. 5. 2023"},"absolute_dates_time":{"created":"Ver\u00f6ffentlicht am 5. 5. 2023 22:41","modified":"Aktualisiert am 16. 5. 2023 16:07"},"featured_img_caption":"","featured_img":false,"series_order":"","_links":{"self":[{"href":"https:\/\/www.kdv.hr\/index.php?rest_route=\/wp\/v2\/pages\/1909","targetHints":{"allow":["GET"]}}],"collection":[{"href":"https:\/\/www.kdv.hr\/index.php?rest_route=\/wp\/v2\/pages"}],"about":[{"href":"https:\/\/www.kdv.hr\/index.php?rest_route=\/wp\/v2\/types\/page"}],"author":[{"embeddable":true,"href":"https:\/\/www.kdv.hr\/index.php?rest_route=\/wp\/v2\/users\/2"}],"replies":[{"embeddable":true,"href":"https:\/\/www.kdv.hr\/index.php?rest_route=%2Fwp%2Fv2%2Fcomments&post=1909"}],"version-history":[{"count":15,"href":"https:\/\/www.kdv.hr\/index.php?rest_route=\/wp\/v2\/pages\/1909\/revisions"}],"predecessor-version":[{"id":1937,"href":"https:\/\/www.kdv.hr\/index.php?rest_route=\/wp\/v2\/pages\/1909\/revisions\/1937"}],"wp:attachment":[{"href":"https:\/\/www.kdv.hr\/index.php?rest_route=%2Fwp%2Fv2%2Fmedia&parent=1909"}],"curies":[{"name":"wp","href":"https:\/\/api.w.org\/{rel}","templated":true}]}}