{"id":18,"date":"2020-12-20T11:07:47","date_gmt":"2020-12-20T11:07:47","guid":{"rendered":"http:\/\/maria.oceanwp.org\/?page_id=18"},"modified":"2025-09-06T02:31:48","modified_gmt":"2025-09-06T00:31:48","slug":"kontakt","status":"publish","type":"page","link":"https:\/\/www.kdv.hr\/?page_id=18","title":{"rendered":"Kontakt"},"content":{"rendered":"<div class=\"boldgrid-section\">\r\n<div class=\"container\">\r\n<div class=\"row\">\r\n<div class=\"col-lg-12 col-md-12 col-xs-12 col-sm-12\">\r\n<p class=\"\">&nbsp;<\/p>\r\n<\/div>\r\n<\/div>\r\n<div class=\"row\">\r\n<div class=\"col-lg-5 col-md-12 col-xs-12 col-sm-12\" style=\"border-width: 0px; padding-left: 1em;\">\r\n<div style=\"border-width: 0px;\" class=\"\">\r\n<h4 class=\"\"><span style=\"color: #c10303;\"><strong>|<\/strong><\/span>&nbsp; Anschrift<\/h4>\r\n<\/div>\r\n<\/div>\r\n<div class=\"col-lg-5 col-md-12 col-xs-12 col-sm-12\">\r\n<h4 class=\"\"><span style=\"color: #c10303;\"><strong>|<\/strong><\/span>&nbsp; Schreiben Sie uns an<\/h4>\r\n<\/div>\r\n<\/div>\r\n<div class=\"row\">\r\n<div class=\"col-lg-5 col-md-12 col-xs-12 col-sm-12\">\r\n<div style=\"border-width: 0px;\" class=\"\">\r\n<p class=\"\"><strong>Hrvatsko dru\u0161tvo u\u010ditelja i profesora njema\u010dkog jezika<\/strong><br>c\/o O\u0160 Pantov\u010dak<br>Hercegova\u010dka 108<br>10000 Zagreb<\/p>\r\n<p class=\"\">E-Mail: kdv@kdv.hr<br>Mobil: +385 91 1805 613<br>https:\/\/www.kdv.hr\/<br>OIB: 56750112863<\/p>\r\n<p class=\"\" style=\"padding: 50px 0px 0px;\"><strong>KDV ist Mitglied des Internationalen Deutschlehrerverbandes<\/strong><\/p>\r\n<p class=\"\"><a href=\"https:\/\/idvnetz.org\/\" target=\"_blank\" rel=\"noopener\"><img fetchpriority=\"high\" decoding=\"async\" class=\"alignnone wp-image-3171 size-medium\" src=\"https:\/\/www.kdv.hr\/wp-content\/uploads\/2025\/09\/IDV_logo.svg\" alt=\"\" width=\"300\" height=\"300\"><\/a><\/p>\r\n<\/div>\r\n<\/div>\r\n<div class=\"col-lg-5 col-md-12 col-xs-12 col-sm-12\">\n<div class=\"wpcf7 no-js\" id=\"wpcf7-f865-o1\" lang=\"en-US\" dir=\"ltr\" data-wpcf7-id=\"865\">\n<div class=\"screen-reader-response\"><p role=\"status\" aria-live=\"polite\" aria-atomic=\"true\"><\/p> <ul><\/ul><\/div>\n<form action=\"\/index.php?rest_route=%2Fwp%2Fv2%2Fpages%2F18#wpcf7-f865-o1\" method=\"post\" class=\"wpcf7-form init\" aria-label=\"Contact form\" novalidate=\"novalidate\" data-status=\"init\">\n<fieldset class=\"hidden-fields-container\"><input type=\"hidden\" name=\"_wpcf7\" value=\"865\" \/><input type=\"hidden\" name=\"_wpcf7_version\" value=\"6.1.5\" \/><input type=\"hidden\" name=\"_wpcf7_locale\" value=\"en_US\" \/><input type=\"hidden\" name=\"_wpcf7_unit_tag\" value=\"wpcf7-f865-o1\" \/><input type=\"hidden\" name=\"_wpcf7_container_post\" value=\"0\" \/><input type=\"hidden\" name=\"_wpcf7_posted_data_hash\" value=\"\" \/><input type=\"hidden\" name=\"_wpcf7_recaptcha_response\" value=\"\" \/>\n<\/fieldset>\n<p><label> Ihr Name<br \/>\n<span class=\"wpcf7-form-control-wrap\" data-name=\"your-name\"><input size=\"40\" maxlength=\"400\" class=\"wpcf7-form-control wpcf7-text wpcf7-validates-as-required\" aria-required=\"true\" aria-invalid=\"false\" value=\"\" type=\"text\" name=\"your-name\" \/><\/span> <\/label>\n<\/p>\n<p><label> Ihre E-Mail<br \/>\n<span class=\"wpcf7-form-control-wrap\" data-name=\"your-email\"><input size=\"40\" maxlength=\"400\" class=\"wpcf7-form-control wpcf7-email wpcf7-validates-as-required wpcf7-text wpcf7-validates-as-email\" aria-required=\"true\" aria-invalid=\"false\" value=\"\" type=\"email\" name=\"your-email\" \/><\/span> <\/label>\n<\/p>\n<p><label> Betreff<br \/>\n<span class=\"wpcf7-form-control-wrap\" data-name=\"your-subject\"><input size=\"40\" maxlength=\"400\" class=\"wpcf7-form-control wpcf7-text wpcf7-validates-as-required\" aria-required=\"true\" aria-invalid=\"false\" value=\"\" type=\"text\" name=\"your-subject\" \/><\/span> <\/label>\n<\/p>\n<p><label> Ihre Nachricht<br \/>\n<span class=\"wpcf7-form-control-wrap\" data-name=\"your-message\"><textarea cols=\"40\" rows=\"10\" maxlength=\"2000\" class=\"wpcf7-form-control wpcf7-textarea\" aria-invalid=\"false\" name=\"your-message\"><\/textarea><\/span> <\/label>\n<\/p>\n<p><input class=\"wpcf7-form-control wpcf7-submit has-spinner\" type=\"submit\" value=\"Senden\" \/>\n<\/p><div class=\"wpcf7-response-output\" aria-hidden=\"true\"><\/div>\n<\/form>\n<\/div>\n<\/div>\r\n<\/div>\r\n<div class=\"row\">\r\n<div class=\"col-lg-7 col-md-12 col-sm-12 col-xs-12\"><\/div>\r\n<\/div>\r\n<div class=\"row\">\r\n<div class=\"col-lg-7 col-md-12 col-sm-12 col-xs-12\">\r\n<p class=\"\">&nbsp;<\/p>\r\n<p class=\"\">&nbsp;<\/p>\r\n<\/div>\r\n<\/div>\r\n<\/div>\r\n<\/div>\r\n","protected":false},"excerpt":{"rendered":"<p>&nbsp; |&nbsp; Anschrift |&nbsp; Schreiben Sie uns an Hrvatsko dru\u0161tvo u\u010ditelja i profesora njema\u010dkog jezikac\/o O\u0160 Pantov\u010dakHercegova\u010dka 10810000 Zagreb E-Mail: kdv@kdv.hrMobil: +385 91 1805 613https:\/\/www.kdv.hr\/OIB: 56750112863 KDV ist Mitglied des Internationalen Deutschlehrerverbandes &nbsp; &nbsp;<\/p>\n","protected":false},"author":1,"featured_media":0,"parent":0,"menu_order":0,"comment_status":"closed","ping_status":"closed","template":"template\/page\/fullwidth.php","meta":{"_eb_attr":"","inline_featured_image":false,"advgb_blocks_editor_width":"","advgb_blocks_columns_visual_guide":"","_monsterinsights_skip_tracking":false,"_monsterinsights_sitenote_active":false,"_monsterinsights_sitenote_note":"","_monsterinsights_sitenote_category":0,"footnotes":""},"class_list":["post-18","page","type-page","status-publish","hentry","entry"],"coauthors":[],"author_meta":{"author_link":"https:\/\/www.kdv.hr\/?author=1","display_name":"Adam Vuk"},"relative_dates":{"created":"Ver\u00f6ffentlicht 5\u00a0Jahren vor","modified":"Aktualisiert 8\u00a0Monaten vor"},"absolute_dates":{"created":"Ver\u00f6ffentlicht am 20. 12. 2020","modified":"Aktualisiert am 6. 9. 2025"},"absolute_dates_time":{"created":"Ver\u00f6ffentlicht am 20. 12. 2020 11:07","modified":"Aktualisiert am 6. 9. 2025 02:31"},"featured_img_caption":"","featured_img":false,"series_order":"","_links":{"self":[{"href":"https:\/\/www.kdv.hr\/index.php?rest_route=\/wp\/v2\/pages\/18","targetHints":{"allow":["GET"]}}],"collection":[{"href":"https:\/\/www.kdv.hr\/index.php?rest_route=\/wp\/v2\/pages"}],"about":[{"href":"https:\/\/www.kdv.hr\/index.php?rest_route=\/wp\/v2\/types\/page"}],"author":[{"embeddable":true,"href":"https:\/\/www.kdv.hr\/index.php?rest_route=\/wp\/v2\/users\/1"}],"replies":[{"embeddable":true,"href":"https:\/\/www.kdv.hr\/index.php?rest_route=%2Fwp%2Fv2%2Fcomments&post=18"}],"version-history":[{"count":19,"href":"https:\/\/www.kdv.hr\/index.php?rest_route=\/wp\/v2\/pages\/18\/revisions"}],"predecessor-version":[{"id":3172,"href":"https:\/\/www.kdv.hr\/index.php?rest_route=\/wp\/v2\/pages\/18\/revisions\/3172"}],"wp:attachment":[{"href":"https:\/\/www.kdv.hr\/index.php?rest_route=%2Fwp%2Fv2%2Fmedia&parent=18"}],"curies":[{"name":"wp","href":"https:\/\/api.w.org\/{rel}","templated":true}]}}