{"id":1015,"date":"2022-08-23T20:18:45","date_gmt":"2022-08-23T18:18:45","guid":{"rendered":"https:\/\/www.adamvuk.me\/kdv\/?page_id=1015"},"modified":"2024-10-22T22:16:30","modified_gmt":"2024-10-22T20:16:30","slug":"clanstvo","status":"publish","type":"page","link":"https:\/\/www.kdv.hr\/?page_id=1015&lang=hr","title":{"rendered":"\u010clanstvo"},"content":{"rendered":"<div class=\"tmpl-services-8 boldgrid-section dynamic-gridblock background-fixed\" style=\"border-width: 0px; background-size: auto; background-repeat: repeat; background-image: url('https:\/\/www.kdv.hr\/wp-content\/plugins\/post-and-page-builder\/assets\/image\/patterns\/black-thread.png');\">\n<div data-shape=\"pyramids-1\" data-position=\"top\" class=\"boldgrid-section-divider section-divider-top section-divider-pyramids-1\" style=\"width: 100%; height: 60px; overflow: hidden;\"><svg xmlns=\"http:\/\/www.w3.org\/2000\/svg\" viewBox=\"0 0 1000 100\" preserveAspectRatio=\"none\" style=\"width: 100%; height: 60px; display: block; position: relative;\"> <path class=\"boldgrid-shape-fill\" d=\"M761.9,44.1L643.1,27.2L333.8,98L0,3.8V0l1000,0v3.9\" style=\"fill: #ffffff; transform: scaleX(1); transform-origin: center;\" data-scalex=\"1\"><\/path> <\/svg><\/div>\n<div class=\"container-fluid\">\n<div class=\"row\">\n<div class=\"col-md-5 col-sm-12 col-xs-12 color5-background-color color-5-text-contrast bg-background-color col-lg-3\" style=\"padding: 2em;\">\n<div style=\"border-width: 0px;\" class=\"\">\n<h2 class=\"h1 color3-color\" style=\"margin-top: 25px; margin-bottom: 50px;\">\u010clanstvo<\/h2>\n<p class=\"\">Najsrda\u010dnije pozivamo sve kolegice i kolege koji do sada nisu bili \u010dlanovi Dru\u0161tva da se u\u010dlane.<\/p>\n<p class=\"\">Veselimo se novim \u010dlanovima Dru\u0161tva i \u017eelimo srda\u010dnu dobrodo\u0161licu!<\/p>\n<div class=\"row bg-editor-hr-wrap\">\n<div class=\"col-lg-12 col-md-12 col-xs-12 col-sm-12\">\n<div>\n<hr class=\"bg-hr\" style=\"border: 3px solid; margin-left: 0px; margin-top: 30px; margin-bottom: 30px; color: #ffffff;\" width=\"20%\">\n<\/div>\n<\/div>\n<\/div>\n<\/div>\n<\/div>\n<div class=\"col-md-1 col-sm-2 col-xs-2 color5-background-color color-5-text-contrast bg-background-color col-lg-1\"><\/div>\n<div class=\"col-md-6 col-sm-10 col-xs-10 col-lg-8\">\n<div style=\"padding: 2em; margin: 50px 25px 50px -75px;\" class=\"bg-box-cover color3-background-color color-3-text-contrast bg-background-color bg-box\">\n<div class=\"row bg-editor-hr-wrap\" style=\"padding-top: 20px; padding-bottom: 20px; border-width: 0px;\">\n<div class=\"col-md-6 col-sm-6 col-xs-12 col-lg-6\">\n<div>\n<h1 style=\"margin-top: 15px; margin-bottom: 10px; border-width: 0px; color: #000000;\">Kako se u\u010dlaniti?<\/h1>\n<hr class=\"bg-hr\" style=\"border: 3px solid; margin-left: 0px; margin-top: 0px; color: #990303;\" width=\"10%\">\n<p class=\"\">\u010clanom Dru\u0161tva mo\u017ee postati svaka poslovno sposobna fizi\u010dka osoba koja izravno ili neizravno sudjeluje u procesu nastave njema\u010dkog jezika na bilo kojoj obrazovnoj razini.<br \/>\n\u010clanstvo u Dru\u0161tvu mo\u017ee biti redovno i po\u010dasno. Redovni \u010dlanovi su osobe koje aktivno sudjeluju u radu Udruge. \u010clan se upisuje u Imenik \u010dlanova temeljem odluke Predsjedni\u0161tva o primitku u \u010dlanstvo. Osoba kojoj je odbijen zahtjev za primitak u \u010dlanstvo mo\u017ee se \u017ealiti Skup\u0161tini. Odluka Skup\u0161tine je kona\u010dna.<\/p>\n<p>&nbsp;<\/p>\n<p>&nbsp;<\/p>\n<h1 class=\"\">\u0160to trebate u\u010diniti?<\/h1>\n<\/div>\n<\/div>\n<\/div>\n<div class=\"row bg-editor-hr-wrap\" style=\"padding-top: 20px; padding-bottom: 20px; margin-top: -45px;\">\n<div class=\"col-md-6 col-sm-6 col-xs-12 col-lg-6\">\n<div>\n<h2 class=\"\" style=\"margin-top: 15px; margin-bottom: 10px; border-width: 0px;\">1.<\/h2>\n<hr class=\"bg-hr\" style=\"border: 3px solid; margin-left: 0px; margin-top: 0px; color: #990303; width: 10%;\" width=\"10%\">\n<p class=\"\"><span class=\"HwtZe\" lang=\"hr\"><span class=\"jCAhz ChMk0b\"><span class=\"ryNqvb\">Uplatite \u010dlanarinu od 20 eura na ra\u010dun Dru\u0161tva otvoren kod Zagreba\u010dke banke:<br \/>\n<\/span><\/span><span class=\"jCAhz ChMk0b\"><span class=\"ryNqvb\">IBAN: HR9623600001102780002<br \/>\nopis pla\u0107anja: Ime i prezime \u010dlanarina za godinu 20XX.<\/span><\/span><\/span><\/p>\n<\/div>\n<\/div>\n<div class=\"col-md-6 col-sm-6 col-xs-12 col-lg-6\">\n<div>\n<h2 style=\"margin-top: 15px; margin-bottom: 10px; border-width: 0px;\">2.<\/h2>\n<hr class=\"bg-hr\" style=\"border: 3px solid; margin-left: 0px; margin-top: 0px; color: #990303;\" width=\"10%\">\n<p class=\"\"><span class=\"HwtZe\" lang=\"hr\"><span class=\"jCAhz ChMk0b\"><span class=\"ryNqvb\">Po\u0161aljite nam zahtjev za primitak u \u010dlanstvo.<\/span><\/span> <span class=\"jCAhz ChMk0b\"><span class=\"ryNqvb\">U njemu trebate u\u010ditati dokaz o pla\u0107anju iz 1. koraka.<\/span><\/span><\/span><\/p>\n<p class=\"\" style=\"margin: 30px 0;\"><a class=\"btn-color-5 btn btn-lowercase btn-rounded btn-regular\" style=\"border-width: 0px; text-transform: none;\" href=\"https:\/\/www.kdv.hr\/?page_id=1235\" target=\"_blank\" rel=\"noopener\">Podnesite zahtjev<\/a><\/p>\n<\/div>\n<\/div>\n<\/div>\n<div class=\"row bg-editor-hr-wrap\" style=\"padding-top: 20px; padding-bottom: 20px; border-width: 0px; margin-top: -30px;\">\n<div class=\"col-md-6 col-sm-6 col-xs-12 col-lg-6\">\n<div>\n<h1 style=\"margin-top: 15px; margin-bottom: 10px; border-width: 0px; color: #000000;\">Produljenje \u010dlanstva<\/h1>\n<hr class=\"bg-hr\" style=\"border: 3px solid; margin-left: 0px; margin-top: 0px; color: #990303;\" width=\"10%\">\n<p class=\"\">Postoje\u0107i \u010dlanovi obnavljaju \u010dlanstvo svake godine. Da biste to u\u010dinili, po\u0161aljite nam zahtjev za obnovu \u010dlanstva.<\/p>\n<p><a class=\"btn-color-5 btn btn-lowercase btn-rounded btn-regular\" style=\"text-transform: none;\" href=\"https:\/\/www.kdv.hr\/?page_id=2051\" target=\"_blank\" rel=\"noopener\">Obnovite \u010dlanstvo<\/a><\/p>\n<p>&nbsp;<\/p>\n<\/div>\n<\/div>\n<div class=\"col-md-6 col-sm-6 col-xs-12 col-lg-6\">\n<div><\/div>\n<\/div>\n<\/div>\n<\/div>\n<\/div>\n<\/div>\n<\/div>\n<\/div>\n<div class=\"tmpl-services-2 boldgrid-section dynamic-gridblock background-fixed\" style=\"background-position: 50% 50%; background-size: auto; color: #ffffff; background-image: url('https:\/\/www.kdv.hr\/wp-content\/plugins\/post-and-page-builder\/assets\/image\/patterns\/black-thread.png'); border-width: 0px; background-repeat: repeat;\">\n<div class=\"container-fluid\">\n<div class=\"row\" style=\"padding-top: 0px;\">\n<div class=\"col-lg-1 col-md-12 col-sm-12 col-xs-12\" style=\"border-width: 0px;\"><\/div>\n<div class=\"col-md-5 col-sm-6 col-xs-10 align-column-center col-lg-3\">\n<div style=\"border: 10px solid; margin-right: -82px; z-index: 1; position: relative; padding: 0px 0.9em; width: auto;\" class=\"color3-border-color bg-box\">\n<div class=\"row\">\n<div class=\"col-md-6 col-sm-8 col-xs-12 color3-background-color color-3-text-contrast bg-background-color col-lg-6\" style=\"margin-left: -5px; padding: 1.5em;\">\n<div>\n<h2>Dokumenti<\/h2>\n<p>Svi va\u017eni dokumenti na jednom mjestu.<\/p>\n<\/div>\n<\/div>\n<div class=\"col-md-6 col-sm-4 col-xs-12 col-lg-6\">\n<div><\/div>\n<\/div>\n<\/div>\n<\/div>\n<\/div>\n<div class=\"col-md-1 col-sm-1 col-xs-2 color5-background-color color-5-text-contrast bg-background-color col-lg-1\">\n<div style=\"border-width: 0px;\" class=\"\"><\/div>\n<\/div>\n<div class=\"col-md-5 col-sm-5 col-xs-12 color5-background-color color-5-text-contrast bg-background-color col-lg-7\" style=\"padding: 3em;\">\n<div class=\"row\" style=\"margin-top: 50px; margin-bottom: 50px;\">\n<div class=\"col-md-1 col-sm-2 col-xs-2 col-lg-1\">\n<div>\n<p class=\"\"><i class=\"color3-color fa fa-file\" style=\"font-size: 25px; border-width: 0px;\" aria-hidden=\"true\"><span style=\"display: none;\">&nbsp;<\/span><\/i><\/p>\n<\/div>\n<\/div>\n<div class=\"col-md-10 col-sm-9 col-xs-10 col-lg-10\">\n<div>\n<h3 style=\"margin-top: 0px; margin-bottom: 15px;\">Statut Hrvatskog dru\u0161tva u\u010ditelja i profesora njema\u010dkog jezika<\/h3>\n<p class=\"\"><span class=\"HwtZe\" lang=\"hr\"><span class=\"jCAhz ChMk0b\"><span class=\"ryNqvb\">Statut mo\u017eete pro\u010ditati u izvorniku na hrvatskom jeziku.<\/span><\/span><\/span><\/p>\n<p class=\"\"><a class=\"btn btn-raised btn-rounded btn-color-1\" href=\"https:\/\/www.kdv.hr\/wp-content\/uploads\/inhalte\/KDV_statut_2015.pdf\" target=\"_blank\" rel=\"noopener\">Preuzimanje<\/a><\/p>\n<\/div>\n<\/div>\n<div class=\"col-md-1 col-sm-1 col-xs-12 col-lg-1\"><\/div>\n<\/div>\n<\/div>\n<\/div>\n<\/div>\n<\/div>\n","protected":false},"excerpt":{"rendered":"<p>\u010clanstvo Najsrda\u010dnije pozivamo sve kolegice i kolege koji do sada nisu bili \u010dlanovi Dru\u0161tva da se u\u010dlane. Veselimo se novim \u010dlanovima Dru\u0161tva i \u017eelimo srda\u010dnu dobrodo\u0161licu! Kako se u\u010dlaniti? \u010clanom Dru\u0161tva mo\u017ee postati svaka poslovno sposobna fizi\u010dka osoba koja izravno ili neizravno sudjeluje u procesu nastave njema\u010dkog jezika na bilo kojoj obrazovnoj razini. \u010clanstvo u [&hellip;]<\/p>\n","protected":false},"author":1,"featured_media":0,"parent":0,"menu_order":0,"comment_status":"closed","ping_status":"closed","template":"template\/page\/fullwidth.php","meta":{"_eb_attr":"","inline_featured_image":false,"advgb_blocks_editor_width":"","advgb_blocks_columns_visual_guide":"","_monsterinsights_skip_tracking":false,"_monsterinsights_sitenote_active":false,"_monsterinsights_sitenote_note":"","_monsterinsights_sitenote_category":0,"footnotes":""},"class_list":["post-1015","page","type-page","status-publish","hentry","entry"],"coauthors":[],"author_meta":{"author_link":"https:\/\/www.kdv.hr\/?author=1","display_name":"Adam Vuk"},"relative_dates":{"created":"Ver\u00f6ffentlicht 4\u00a0Jahren vor","modified":"Aktualisiert 2\u00a0Jahren vor"},"absolute_dates":{"created":"Ver\u00f6ffentlicht am 23. 8. 2022","modified":"Aktualisiert am 22. 10. 2024"},"absolute_dates_time":{"created":"Ver\u00f6ffentlicht am 23. 8. 2022 20:18","modified":"Aktualisiert am 22. 10. 2024 22:16"},"featured_img_caption":"","featured_img":false,"series_order":"","_links":{"self":[{"href":"https:\/\/www.kdv.hr\/index.php?rest_route=\/wp\/v2\/pages\/1015","targetHints":{"allow":["GET"]}}],"collection":[{"href":"https:\/\/www.kdv.hr\/index.php?rest_route=\/wp\/v2\/pages"}],"about":[{"href":"https:\/\/www.kdv.hr\/index.php?rest_route=\/wp\/v2\/types\/page"}],"author":[{"embeddable":true,"href":"https:\/\/www.kdv.hr\/index.php?rest_route=\/wp\/v2\/users\/1"}],"replies":[{"embeddable":true,"href":"https:\/\/www.kdv.hr\/index.php?rest_route=%2Fwp%2Fv2%2Fcomments&post=1015"}],"version-history":[{"count":18,"href":"https:\/\/www.kdv.hr\/index.php?rest_route=\/wp\/v2\/pages\/1015\/revisions"}],"predecessor-version":[{"id":2810,"href":"https:\/\/www.kdv.hr\/index.php?rest_route=\/wp\/v2\/pages\/1015\/revisions\/2810"}],"wp:attachment":[{"href":"https:\/\/www.kdv.hr\/index.php?rest_route=%2Fwp%2Fv2%2Fmedia&parent=1015"}],"curies":[{"name":"wp","href":"https:\/\/api.w.org\/{rel}","templated":true}]}}