{"id":1013,"date":"2022-08-23T20:16:56","date_gmt":"2022-08-23T18:16:56","guid":{"rendered":"https:\/\/www.adamvuk.me\/kdv\/?page_id=1013"},"modified":"2025-06-28T21:46:32","modified_gmt":"2025-06-28T19:46:32","slug":"nasi-partneri","status":"publish","type":"page","link":"https:\/\/www.kdv.hr\/?page_id=1013&lang=hr","title":{"rendered":"Na\u0161i partneri"},"content":{"rendered":"<div class=\"tmpl-services-8 boldgrid-section dynamic-gridblock background-fixed\" style=\"border-width: 0px; background-image: url('https:\/\/www.kdv.hr\/wp-content\/plugins\/post-and-page-builder\/assets\/image\/patterns\/black-thread.png'); background-size: auto; background-position: 50% 50%; background-repeat: repeat;\">\n<div data-shape=\"pyramids-1\" data-position=\"top\" class=\"boldgrid-section-divider section-divider-top section-divider-pyramids-1\" style=\"width: 100%; height: 60px; overflow: hidden;\"><svg xmlns=\"http:\/\/www.w3.org\/2000\/svg\" viewBox=\"0 0 1000 100\" preserveAspectRatio=\"none\" style=\"width: 100%; height: 60px; display: block; position: relative;\"> <path class=\"boldgrid-shape-fill\" d=\"M761.9,44.1L643.1,27.2L333.8,98L0,3.8V0l1000,0v3.9\" style=\"fill: #ffffff; transform: scaleX(1); transform-origin: center;\" data-scalex=\"1\"><\/path> <\/svg><\/div>\n<div class=\"container-fluid\">\n<div class=\"row\">\n<div class=\"col-md-5 col-sm-12 col-xs-12 color5-background-color color-5-text-contrast bg-background-color col-lg-3\" style=\"padding: 2em;\">\n<h2 class=\"h1 color3-color\" style=\"margin-top: 25px; margin-bottom: 50px;\">Na\u0161i partneri<\/h2>\n<p class=\"\">U radu nas podupiru ove partnerske institucije.<\/p>\n<div class=\"row bg-editor-hr-wrap\">\n<div class=\"col-lg-12 col-md-12 col-xs-12 col-sm-12\">\n<hr class=\"color3-color bg-hr\" style=\"border: 3px solid; margin-left: 0px; margin-top: 50px;\" width=\"20%\">\n<\/div>\n<\/div>\n<\/div>\n<div class=\"col-md-1 col-sm-2 col-xs-2 color5-background-color color-5-text-contrast bg-background-color col-lg-1\"><\/div>\n<div class=\"col-md-6 col-sm-10 col-xs-10 col-lg-8\">\n<div style=\"padding: 2em; margin: 50px 25px 50px -75px;\" class=\"bg-box-cover color3-background-color color-3-text-contrast bg-background-color bg-box\">\n<div class=\"row bg-editor-hr-wrap\" style=\"padding-top: 20px; padding-bottom: 20px; border-width: 0px;\">\n<div class=\"col-md-6 col-sm-6 col-xs-12 col-lg-6\">\n<div>\n<h3 class=\"\" style=\"margin-top: 15px; margin-bottom: 10px; border-width: 0px; color: #000000;\">Agencija za odgoj i obrazovanje<\/h3>\n<hr class=\"bg-hr\" style=\"border: 3px solid; margin-left: 0px; margin-top: 0px; color: #990303;\" width=\"10%\">\n<p class=\"\">Agencija sudjeluje u pra\u0107enju, unapre\u0111ivanju i razvoju odgoja i obrazovanja na podru\u010dju pred\u0161kolskog, osnovno\u0161kolskog i srednjo\u0161kolskog obrazovanja, obrazovanja odraslih te \u0161kolovanja djece hrvatskih gra\u0111ana u inozemstvu i djece stranih dr\u017eavljana.<\/p>\n<p class=\"\" style=\"margin: 30px 0;\"><a class=\"btn-color-5 btn btn-lowercase btn-rounded btn-regular\" style=\"border-width: 0px; font-family: 'Roboto'; font-weight: 400; text-transform: none;\" href=\"https:\/\/www.azoo.hr\/\" data-font-family=\"Roboto\" data-font-weight=\"400\" data-font-style=\"\">slu\u017ebena stranica <\/a><\/p>\n<\/div>\n<\/div>\n<div class=\"col-md-6 col-sm-6 col-xs-12 col-lg-6\">\n<div>\n<h3 class=\"\" style=\"margin-top: 15px; margin-bottom: 10px; border-width: 0px;\">Njema\u010dko veleposlanstvo u Zagrebu<\/h3>\n<hr class=\"bg-hr\" style=\"border: 3px solid; margin-left: 0px; margin-top: 0px; color: #990303;\" width=\"10%\">\n<p>Veleposlanstvo Savezne Republike Njema\u010dke u Zagrebu godinama nas podr\u017eava u na\u0161em jezi\u010dno-politi\u010dkom anga\u017emanu.<\/p>\n<p class=\"\" style=\"margin: 30px 0;\"><a class=\"btn-color-5 btn btn-lowercase btn-rounded btn-regular\" style=\"border-width: 0px; font-family: 'Roboto'; font-weight: 400; text-transform: none;\" href=\"https:\/\/zagreb.diplo.de\/hr-de\" data-font-family=\"Roboto\" data-font-weight=\"400\" data-font-style=\"\">slu\u017ebena stranica <\/a><\/p>\n<\/div>\n<\/div>\n<\/div>\n<div class=\"row bg-editor-hr-wrap\" style=\"padding-top: 20px; padding-bottom: 20px;\">\n<div class=\"col-md-6 col-sm-6 col-xs-12 col-lg-6\">\n<div>\n<h3 class=\"\" style=\"margin-top: 15px; margin-bottom: 10px; border-width: 0px;\">Njema\u010dka slu\u017eba za akademsku razmjenu<\/h3>\n<hr class=\"bg-hr\" style=\"border: 3px solid; margin-left: 0px; margin-top: 0px; color: #990303;\" width=\"10%\">\n<p class=\"\">Njema\u010dka slu\u017eba za akademsku razmjenu (DAAD) zajedni\u010dka je institucija njema\u010dkih sveu\u010dili\u0161ta i studentskih tijela. Zada\u0107a mu je promicanje me\u0111unarodne razmjene studenata i znanstvenika.<\/p>\n<p class=\"\" style=\"margin: 30px 0;\"><a class=\"btn-color-5 btn btn-lowercase btn-rounded btn-regular\" style=\"border-width: 0px; text-transform: none;\" href=\"https:\/\/www.daad.de\/\">slu\u017ebena stranica <\/a><\/p>\n<\/div>\n<\/div>\n<div class=\"col-md-6 col-sm-6 col-xs-12 col-lg-6\">\n<div>\n<h3 class=\"\" style=\"margin-top: 15px; margin-bottom: 10px; border-width: 0px;\">Goethe-Institut Hrvatska<\/h3>\n<hr class=\"bg-hr\" style=\"border: 3px solid; margin-left: 0px; margin-top: 0px; color: #990303;\" width=\"10%\">\n<p class=\"\">Kao kulturna ustanova Savezne Republike Njema\u010dke s globalnim djelovanjem Goethe-Institut zala\u017ee se za me\u0111usobno razumijevanje izme\u0111u Njema\u010dke, Europe i svijeta. Diljem svijeta informira o kulturnoj i dru\u0161tvenoj raznolikosti Njema\u010dke i Europe.<\/p>\n<p class=\"\" style=\"margin: 30px 0;\"><a class=\"btn-color-5 btn btn-lowercase btn-rounded btn-regular\" style=\"border-width: 0px; text-transform: none;\" href=\"https:\/\/www.goethe.de\/ins\/hr\/de\/index.html\">slu\u017ebena stranica <\/a><\/p>\n<\/div>\n<\/div>\n<\/div>\n<div class=\"row bg-editor-hr-wrap\" style=\"padding-top: 20px; padding-bottom: 20px;\">\n<div class=\"col-md-6 col-sm-6 col-xs-12 col-lg-6\">\n<div>\n<h3 class=\"\" style=\"margin-top: 15px; margin-bottom: 10px; border-width: 0px;\">Austrijsko veleposlanstvo u Zagrebu<\/h3>\n<hr class=\"bg-hr\" style=\"border: 3px solid; margin-left: 0px; margin-top: 0px; color: #990303;\" width=\"10%\">\n<p>Austrijsko veleposlanstvo va\u017ena je partnerska institucija koja nas, me\u0111u ostalim, podr\u017eava sudjelovanjem austrijskih stru\u010dnjaka na na\u0161im skupovima.<\/p>\n<p class=\"\" style=\"margin: 30px 0;\"><a class=\"btn-color-5 btn btn-lowercase btn-rounded btn-regular\" style=\"border-width: 0px; text-transform: none;\" href=\"https:\/\/www.bmeia.gv.at\/oeb-agram\/\">slu\u017ebena stranica&nbsp;<br \/>\n<\/a><\/p>\n<\/div>\n<\/div>\n<div class=\"col-md-6 col-sm-6 col-xs-12 col-lg-6\">\n<div>\n<h3 class=\"\" style=\"margin-top: 15px; margin-bottom: 10px; border-width: 0px;\">Austrijski kulturni forum Zagreb<\/h3>\n<hr class=\"bg-hr\" style=\"border: 3px solid; margin-left: 0px; margin-top: 0px; color: #990303;\" width=\"10%\">\n<p class=\"\">Zada\u0107a Austrijskog kulturnog foruma jest kulturni i znanstveni dijalog s umjetnicima i znanstvenicima u Hrvatskoj.<\/p>\n<p class=\"\" style=\"margin: 30px 0;\"><a class=\"btn-color-5 btn btn-lowercase btn-rounded btn-regular\" style=\"border-width: 0px; text-transform: none;\" href=\"https:\/\/kulturforum-zagreb.org\/\">slu\u017ebena stranica<\/a><\/p>\n<\/div>\n<\/div>\n<\/div>\n<div class=\"row bg-editor-hr-wrap\" style=\"padding-top: 20px; padding-bottom: 20px;\">\n<div class=\"col-md-6 col-sm-6 col-xs-12 col-lg-6\">\n<div>\n<h3 class=\"\" style=\"margin-top: 15px; margin-bottom: 10px; border-width: 0px;\">Veleposlanstvo \u0160vicarske Konfederacije<\/h3>\n<hr class=\"bg-hr\" style=\"border: 3px solid; margin-left: 0px; margin-top: 0px; color: #990303;\" width=\"10%\">\n<p>\u0160vicarsko veleposlanstvo vrijedno podupire na\u0161 rad omogu\u0107uju\u0107i sudjelovanje \u0161vicarskih referenata na godi\u0161njim skupovima te pru\u017eaju\u0107i podr\u0161ku klju\u010dnim projektima Dru\u0161tva.<\/p>\n<p class=\"\" style=\"margin: 30px 0;\"><a class=\"btn-color-5 btn btn-lowercase btn-rounded btn-regular\" style=\"border-width: 0px; text-transform: none;\" href=\"https:\/\/www.bmeia.gv.at\/oeb-agram\/\">slu\u017ebena stranica&nbsp;<br \/>\n<\/a><\/p>\n<\/div>\n<\/div>\n<div class=\"col-md-6 col-sm-6 col-xs-12 col-lg-6\">\n<div>\n<h3 class=\"\" style=\"margin-top: 15px; margin-bottom: 10px; border-width: 0px;\">Sredi\u0161nji ured za \u0161kole u inozemstvu &#8211; DSD (Das deutsche Sprachdiplom)<\/h3>\n<hr class=\"bg-hr\" style=\"border: 3px solid; margin-left: 0px; margin-top: 0px; color: #990303;\" width=\"10%\">\n<p class=\"\">Sredi\u0161nji ured za \u0161kole u inozemstvu (ZfA) sa svojih gotovo 100 zaposlenika u Njema\u010dkoj i vi\u0161e od 50 stru\u010dnih suradnika za njema\u010dki kao strani jezik te 15 savjetnika za upravljanje kvalitetom diljem svijeta skrbi o radu njema\u010dkih \u0161kola u inozemstvu.<\/p>\n<p class=\"\" style=\"margin: 30px 0;\"><a class=\"btn-color-5 btn btn-lowercase btn-rounded btn-regular\" style=\"border-width: 0px; text-transform: none;\" href=\"https:\/\/www.auslandsschulwesen.de\/Webs\/ZfA\/DE\/Deutsch-lernen\/DSD\/dsd_node.html\">slu\u017ebena stranica<\/a><\/p>\n<\/div>\n<\/div>\n<\/div>\n<\/div>\n<\/div>\n<\/div>\n<\/div>\n<div data-shape=\"arrow-1\" data-position=\"bottom\" class=\"boldgrid-section-divider section-divider-bottom section-divider-arrow-1\" style=\"width: 100%; height: 60px; overflow: hidden;\"><svg xmlns=\"http:\/\/www.w3.org\/2000\/svg\" viewBox=\"0 0 700 10\" preserveAspectRatio=\"none\" style=\"width: 100%; height: 60px; display: block; position: relative;\"> <path class=\"boldgrid-shape-fill\" d=\"M350,10L340,0h20L350,10z\" style=\"fill: #f5f5f5; transform: scaleX(1); transform-origin: center;\" data-scalex=\"1\"><\/path> <\/svg><\/div>\n<\/div>\n","protected":false},"excerpt":{"rendered":"<p>Na\u0161i partneri U radu nas podupiru ove partnerske institucije. Agencija za odgoj i obrazovanje Agencija sudjeluje u pra\u0107enju, unapre\u0111ivanju i razvoju odgoja i obrazovanja na podru\u010dju pred\u0161kolskog, osnovno\u0161kolskog i srednjo\u0161kolskog obrazovanja, obrazovanja odraslih te \u0161kolovanja djece hrvatskih gra\u0111ana u inozemstvu i djece stranih dr\u017eavljana. slu\u017ebena stranica Njema\u010dko veleposlanstvo u Zagrebu Veleposlanstvo Savezne Republike Njema\u010dke u [&hellip;]<\/p>\n","protected":false},"author":1,"featured_media":0,"parent":0,"menu_order":0,"comment_status":"closed","ping_status":"closed","template":"template\/page\/fullwidth.php","meta":{"_eb_attr":"","inline_featured_image":false,"advgb_blocks_editor_width":"","advgb_blocks_columns_visual_guide":"","_monsterinsights_skip_tracking":false,"_monsterinsights_sitenote_active":false,"_monsterinsights_sitenote_note":"","_monsterinsights_sitenote_category":0,"footnotes":""},"class_list":["post-1013","page","type-page","status-publish","hentry","entry"],"coauthors":[],"author_meta":{"author_link":"https:\/\/www.kdv.hr\/?author=1","display_name":"Adam Vuk"},"relative_dates":{"created":"Ver\u00f6ffentlicht 4\u00a0Jahren vor","modified":"Aktualisiert 11\u00a0Monaten vor"},"absolute_dates":{"created":"Ver\u00f6ffentlicht am 23. 8. 2022","modified":"Aktualisiert am 28. 6. 2025"},"absolute_dates_time":{"created":"Ver\u00f6ffentlicht am 23. 8. 2022 20:16","modified":"Aktualisiert am 28. 6. 2025 21:46"},"featured_img_caption":"","featured_img":false,"series_order":"","_links":{"self":[{"href":"https:\/\/www.kdv.hr\/index.php?rest_route=\/wp\/v2\/pages\/1013","targetHints":{"allow":["GET"]}}],"collection":[{"href":"https:\/\/www.kdv.hr\/index.php?rest_route=\/wp\/v2\/pages"}],"about":[{"href":"https:\/\/www.kdv.hr\/index.php?rest_route=\/wp\/v2\/types\/page"}],"author":[{"embeddable":true,"href":"https:\/\/www.kdv.hr\/index.php?rest_route=\/wp\/v2\/users\/1"}],"replies":[{"embeddable":true,"href":"https:\/\/www.kdv.hr\/index.php?rest_route=%2Fwp%2Fv2%2Fcomments&post=1013"}],"version-history":[{"count":4,"href":"https:\/\/www.kdv.hr\/index.php?rest_route=\/wp\/v2\/pages\/1013\/revisions"}],"predecessor-version":[{"id":3148,"href":"https:\/\/www.kdv.hr\/index.php?rest_route=\/wp\/v2\/pages\/1013\/revisions\/3148"}],"wp:attachment":[{"href":"https:\/\/www.kdv.hr\/index.php?rest_route=%2Fwp%2Fv2%2Fmedia&parent=1013"}],"curies":[{"name":"wp","href":"https:\/\/api.w.org\/{rel}","templated":true}]}}